{"id":826,"date":"2023-08-08T18:05:57","date_gmt":"2023-08-08T21:05:57","guid":{"rendered":"https:\/\/homu.com.ar\/new\/?page_id=826"},"modified":"2025-08-01T10:37:43","modified_gmt":"2025-08-01T13:37:43","slug":"0km","status":"publish","type":"page","link":"https:\/\/homu.com.ar\/new\/0km\/","title":{"rendered":"0km"},"content":{"rendered":"\t\t<div data-elementor-type=\"wp-page\" data-elementor-id=\"826\" class=\"elementor elementor-826\" data-elementor-post-type=\"page\">\n\t\t\t\t<div class=\"elementor-element elementor-element-71184a7 e-flex e-con-boxed e-con e-parent\" data-id=\"71184a7\" data-element_type=\"container\" data-e-type=\"container\">\n\t\t\t\t\t<div class=\"e-con-inner\">\n\t\t\t\t<div class=\"elementor-element elementor-element-753253d elementor-widget elementor-widget-image\" data-id=\"753253d\" data-element_type=\"widget\" data-e-type=\"widget\" data-widget_type=\"image.default\">\n\t\t\t\t<div class=\"elementor-widget-container\">\n\t\t\t\t\t\t\t\t\t\t\t\t\t\t\t<img fetchpriority=\"high\" decoding=\"async\" width=\"1330\" height=\"400\" src=\"https:\/\/homu.com.ar\/new\/wp-content\/uploads\/2025\/08\/header-web2.jpg\" class=\"attachment-full size-full wp-image-23679\" alt=\"\" srcset=\"https:\/\/homu.com.ar\/new\/wp-content\/uploads\/2025\/08\/header-web2.jpg 1330w, https:\/\/homu.com.ar\/new\/wp-content\/uploads\/2025\/08\/header-web2-300x90.jpg 300w, https:\/\/homu.com.ar\/new\/wp-content\/uploads\/2025\/08\/header-web2-1024x308.jpg 1024w, https:\/\/homu.com.ar\/new\/wp-content\/uploads\/2025\/08\/header-web2-768x231.jpg 768w\" sizes=\"(max-width: 1330px) 100vw, 1330px\" \/>\t\t\t\t\t\t\t\t\t\t\t\t\t\t\t<\/div>\n\t\t\t\t<\/div>\n\t\t\t\t\t<\/div>\n\t\t\t\t<\/div>\n\t\t<div class=\"elementor-element elementor-element-d3c54e4 e-flex e-con-boxed e-con e-parent\" data-id=\"d3c54e4\" data-element_type=\"container\" data-e-type=\"container\">\n\t\t\t\t\t<div class=\"e-con-inner\">\n\t\t\t\t<div class=\"elementor-element elementor-element-fc46a40 elementor-widget elementor-widget-text-editor\" data-id=\"fc46a40\" data-element_type=\"widget\" data-e-type=\"widget\" data-widget_type=\"text-editor.default\">\n\t\t\t\t<div class=\"elementor-widget-container\">\n\t\t\t\t\t\t\t\t\t<p><strong>Busc\u00e1 el modelo y versi\u00f3n que m\u00e1s te guste. <\/strong><br \/>Simul\u00e1 tu cotizaci\u00f3n entregando un usado o con financiaci\u00f3n. <br \/>Disfrut\u00e1 de la forma m\u00e1s r\u00e1pida y simple de iniciar el camino a tu nuevo Toyota.<\/p>\t\t\t\t\t\t\t\t<\/div>\n\t\t\t\t<\/div>\n\t\t\t\t<div class=\"elementor-element elementor-element-c933598 elementor-view-default elementor-widget elementor-widget-icon\" data-id=\"c933598\" data-element_type=\"widget\" data-e-type=\"widget\" data-widget_type=\"icon.default\">\n\t\t\t\t<div class=\"elementor-widget-container\">\n\t\t\t\t\t\t\t<div class=\"elementor-icon-wrapper\">\n\t\t\t<div class=\"elementor-icon\">\n\t\t\t<i aria-hidden=\"true\" class=\"icon icon-down-arrow1\"><\/i>\t\t\t<\/div>\n\t\t<\/div>\n\t\t\t\t\t\t<\/div>\n\t\t\t\t<\/div>\n\t\t\t\t<div class=\"elementor-element elementor-element-19808e1 elementor-widget elementor-widget-image\" data-id=\"19808e1\" data-element_type=\"widget\" data-e-type=\"widget\" data-widget_type=\"image.default\">\n\t\t\t\t<div class=\"elementor-widget-container\">\n\t\t\t\t\t\t\t\t\t\t\t\t\t\t\t\t<a href=\"https:\/\/hom.e.toyota.com.ar\/inventory\" target=\"_blank\">\n\t\t\t\t\t\t\t<img decoding=\"async\" width=\"689\" height=\"123\" src=\"https:\/\/homu.com.ar\/new\/wp-content\/uploads\/2023\/08\/boton-wb.jpg\" class=\"elementor-animation-pop attachment-large size-large wp-image-836\" alt=\"\" srcset=\"https:\/\/homu.com.ar\/new\/wp-content\/uploads\/2023\/08\/boton-wb.jpg 689w, https:\/\/homu.com.ar\/new\/wp-content\/uploads\/2023\/08\/boton-wb-300x54.jpg 300w\" sizes=\"(max-width: 689px) 100vw, 689px\" \/>\t\t\t\t\t\t\t\t<\/a>\n\t\t\t\t\t\t\t\t\t\t\t\t\t\t\t<\/div>\n\t\t\t\t<\/div>\n\t\t\t\t\t<\/div>\n\t\t\t\t<\/div>\n\t\t\t\t<\/div>\n\t\t","protected":false},"excerpt":{"rendered":"<p>Busc\u00e1 el modelo y versi\u00f3n que m\u00e1s te guste. Simul\u00e1 tu cotizaci\u00f3n entregando un usado o con financiaci\u00f3n. Disfrut\u00e1 de la forma m\u00e1s r\u00e1pida y simple de iniciar el camino a tu nuevo Toyota.<\/p>\n","protected":false},"author":1,"featured_media":0,"parent":0,"menu_order":0,"comment_status":"closed","ping_status":"closed","template":"","meta":{"_acf_changed":false,"footnotes":""},"class_list":["post-826","page","type-page","status-publish","hentry"],"acf":[],"jetpack_sharing_enabled":true,"_links":{"self":[{"href":"https:\/\/homu.com.ar\/new\/wp-json\/wp\/v2\/pages\/826","targetHints":{"allow":["GET"]}}],"collection":[{"href":"https:\/\/homu.com.ar\/new\/wp-json\/wp\/v2\/pages"}],"about":[{"href":"https:\/\/homu.com.ar\/new\/wp-json\/wp\/v2\/types\/page"}],"author":[{"embeddable":true,"href":"https:\/\/homu.com.ar\/new\/wp-json\/wp\/v2\/users\/1"}],"replies":[{"embeddable":true,"href":"https:\/\/homu.com.ar\/new\/wp-json\/wp\/v2\/comments?post=826"}],"version-history":[{"count":40,"href":"https:\/\/homu.com.ar\/new\/wp-json\/wp\/v2\/pages\/826\/revisions"}],"predecessor-version":[{"id":23682,"href":"https:\/\/homu.com.ar\/new\/wp-json\/wp\/v2\/pages\/826\/revisions\/23682"}],"wp:attachment":[{"href":"https:\/\/homu.com.ar\/new\/wp-json\/wp\/v2\/media?parent=826"}],"curies":[{"name":"wp","href":"https:\/\/api.w.org\/{rel}","templated":true}]}}