{"id":4800,"date":"2023-11-06T21:04:46","date_gmt":"2023-11-07T00:04:46","guid":{"rendered":"https:\/\/homu.com.ar\/new\/?page_id=4800"},"modified":"2025-08-27T13:57:54","modified_gmt":"2025-08-27T16:57:54","slug":"seleccionados-homu","status":"publish","type":"page","link":"https:\/\/homu.com.ar\/new\/seleccionados-homu\/","title":{"rendered":"Usados Seleccionados Homu"},"content":{"rendered":"\t\t<div data-elementor-type=\"wp-page\" data-elementor-id=\"4800\" class=\"elementor elementor-4800\" data-elementor-post-type=\"page\">\n\t\t\t\t<div class=\"elementor-element elementor-element-ddcf92e e-flex e-con-boxed e-con e-parent\" data-id=\"ddcf92e\" data-element_type=\"container\" data-e-type=\"container\">\n\t\t\t\t\t<div class=\"e-con-inner\">\n\t\t\t\t<div class=\"elementor-element elementor-element-a7ef656 elementor-widget elementor-widget-heading\" data-id=\"a7ef656\" data-element_type=\"widget\" data-e-type=\"widget\" data-widget_type=\"heading.default\">\n\t\t\t\t<div class=\"elementor-widget-container\">\n\t\t\t\t\t<h2 class=\"elementor-heading-title elementor-size-default\">Seleccionados Homu<\/h2>\t\t\t\t<\/div>\n\t\t\t\t<\/div>\n\t\t\t\t<div class=\"elementor-element elementor-element-129a7e2 elementor-widget elementor-widget-text-editor\" data-id=\"129a7e2\" data-element_type=\"widget\" data-e-type=\"widget\" data-widget_type=\"text-editor.default\">\n\t\t\t\t<div class=\"elementor-widget-container\">\n\t\t\t\t\t\t\t\t\t<div class=\"wpb_column vc_column_container vc_col-sm-8\"><div class=\"vc_column-inner\"><div class=\"wpb_wrapper\"><div class=\"wpb_text_column wpb_content_element \"><div class=\"wpb_wrapper\"><p style=\"text-align: center;\">Usados de otras marcas controlados por Homu.<\/p><\/div><\/div><\/div><\/div><\/div>\t\t\t\t\t\t\t\t<\/div>\n\t\t\t\t<\/div>\n\t\t\t\t\t<\/div>\n\t\t\t\t<\/div>\n\t\t<div class=\"elementor-element elementor-element-ef9ef5f e-flex e-con-boxed e-con e-parent\" data-id=\"ef9ef5f\" data-element_type=\"container\" data-e-type=\"container\">\n\t\t\t\t\t<div class=\"e-con-inner\">\n\t\t\t\t<div class=\"elementor-element elementor-element-3f9670e elementor-widget elementor-widget-elementskit-blog-posts\" data-id=\"3f9670e\" data-element_type=\"widget\" data-e-type=\"widget\" data-widget_type=\"elementskit-blog-posts.default\">\n\t\t\t\t<div class=\"elementor-widget-container\">\n\t\t\t\t\t<div class=\"ekit-wid-con\" >        <div id=\"post-items--3f9670e\" class=\"row post-items\">\n                    <div class=\"col-lg-3 col-md-6\">\n\n                                    <div class=\"elementskit-post-image-card\">\n                        <div class=\"elementskit-entry-header\">\n                                                            <a href=\"https:\/\/homu.com.ar\/new\/fiat-cronos-precision-1-3-gse-cvt-ano-2023-km-43-074-color-negro\/\" class=\"elementskit-entry-thumb\">\n                                    <img decoding=\"async\" src=\"https:\/\/homu.com.ar\/new\/wp-content\/uploads\/2025\/05\/crono43074-9.jpg\" alt=\"FIAT CRONOS PRECISION 1.3 GSE CVT A\u00d1O: 2023 KM: 43.074 COLOR: NEGRO\">\n                                <\/a><!-- .elementskit-entry-thumb END -->\n                                                            \n                            \n\t\t\t\t\t\t\t\t\t\t\t\t\t<\/div><!-- .elementskit-entry-header END -->\n\n\t\t\t\t\t\t<div class=\"elementskit-post-body \">\n\t\t\t\t\t\t\t\n\t\t\t\t\t\t\t\t\t\t\t\t\t\t\t\t\t\t\t\t\t\t\t\t\t\t\t\t\t\t\n\t\t\t\t\t\t\t\t\n\t\t\t\t\t\t\t\t\t\t\t\t\t\t\t\t\t\t\t\t\t<h2 class=\"entry-title\">\n\t\t\t\t\t<a href=\"https:\/\/homu.com.ar\/new\/fiat-cronos-precision-1-3-gse-cvt-ano-2023-km-43-074-color-negro\/\">\n\t\t\t\t\t\tFIAT CRONOS PRECISION 1.3 GSE CVT A\u00d1O: 2023 KM: 43.074 COLOR: NEGRO\t\t\t\t\t<\/a>\n\t\t\t\t<\/h2>\n\t\t\t\t\t\t\t\t\t\t\t\t\t\t\t\t\t\t\t\t\t\t\t\t\t\t\t\t\t\t\t\t                                                            <div class=\"btn-wraper\">\n                                    \n                                                                            <a class=\"elementskit-btn whitespace--normal\" id=\"\" href=\"https:\/\/homu.com.ar\/new\/fiat-cronos-precision-1-3-gse-cvt-ano-2023-km-43-074-color-negro\/\">\n                                        \t                                            Ver m\u00e1s                                        <\/a>\n                                                                    <\/div>\n                                                    <\/div><!-- .elementskit-post-body END -->\n                    <\/div>\n                \n            <\/div>\n                <\/div>\n       <\/div>\t\t\t\t<\/div>\n\t\t\t\t<\/div>\n\t\t\t\t\t<\/div>\n\t\t\t\t<\/div>\n\t\t\t\t<\/div>\n\t\t","protected":false},"excerpt":{"rendered":"<p>Seleccionados Homu Usados de otras marcas controlados por Homu. NISSAN VERSA ADVANCE MT A\u00d1O: 2020 KM:115.753 COLOR: BLANCO Ver m\u00e1s FIAT CRONOS PRECISION 1.3 GSE CVT A\u00d1O: 2023 KM: 43.074 COLOR: NEGRO Ver m\u00e1s PEUGEOT 208 ALLURE PACK 1,6 TIPTRONIC A\u00d1O: 2023 KM: 51.421 COLOR: GRIS PLATA Ver m\u00e1s ALASKAN ICONIC 4X4 AT A\u00d1O: 2021 [&hellip;]<\/p>\n","protected":false},"author":1,"featured_media":0,"parent":0,"menu_order":0,"comment_status":"closed","ping_status":"closed","template":"","meta":{"_acf_changed":false,"footnotes":""},"class_list":["post-4800","page","type-page","status-publish","hentry"],"acf":[],"jetpack_sharing_enabled":true,"_links":{"self":[{"href":"https:\/\/homu.com.ar\/new\/wp-json\/wp\/v2\/pages\/4800","targetHints":{"allow":["GET"]}}],"collection":[{"href":"https:\/\/homu.com.ar\/new\/wp-json\/wp\/v2\/pages"}],"about":[{"href":"https:\/\/homu.com.ar\/new\/wp-json\/wp\/v2\/types\/page"}],"author":[{"embeddable":true,"href":"https:\/\/homu.com.ar\/new\/wp-json\/wp\/v2\/users\/1"}],"replies":[{"embeddable":true,"href":"https:\/\/homu.com.ar\/new\/wp-json\/wp\/v2\/comments?post=4800"}],"version-history":[{"count":19,"href":"https:\/\/homu.com.ar\/new\/wp-json\/wp\/v2\/pages\/4800\/revisions"}],"predecessor-version":[{"id":24635,"href":"https:\/\/homu.com.ar\/new\/wp-json\/wp\/v2\/pages\/4800\/revisions\/24635"}],"wp:attachment":[{"href":"https:\/\/homu.com.ar\/new\/wp-json\/wp\/v2\/media?parent=4800"}],"curies":[{"name":"wp","href":"https:\/\/api.w.org\/{rel}","templated":true}]}}