{"id":422,"date":"2023-07-26T18:36:25","date_gmt":"2023-07-26T21:36:25","guid":{"rendered":"https:\/\/homu.com.ar\/new\/?page_id=422"},"modified":"2025-11-28T11:52:11","modified_gmt":"2025-11-28T14:52:11","slug":"mantenimiento-express-2","status":"publish","type":"page","link":"https:\/\/homu.com.ar\/new\/mantenimiento-express-2\/","title":{"rendered":"Mantenimiento Express"},"content":{"rendered":"\t\t<div data-elementor-type=\"wp-page\" data-elementor-id=\"422\" class=\"elementor elementor-422\" data-elementor-post-type=\"page\">\n\t\t\t\t<div class=\"elementor-element elementor-element-d809d5b e-flex e-con-boxed e-con e-parent\" data-id=\"d809d5b\" data-element_type=\"container\" data-e-type=\"container\">\n\t\t\t\t\t<div class=\"e-con-inner\">\n\t\t\t\t<div class=\"elementor-element elementor-element-a8715cc elementor-widget elementor-widget-image\" data-id=\"a8715cc\" data-element_type=\"widget\" data-e-type=\"widget\" data-widget_type=\"image.default\">\n\t\t\t\t<div class=\"elementor-widget-container\">\n\t\t\t\t\t\t\t\t\t\t\t\t\t\t\t<img fetchpriority=\"high\" decoding=\"async\" width=\"1330\" height=\"400\" src=\"https:\/\/homu.com.ar\/new\/wp-content\/uploads\/2023\/08\/express3.jpg\" class=\"attachment-full size-full wp-image-1405\" alt=\"\" srcset=\"https:\/\/homu.com.ar\/new\/wp-content\/uploads\/2023\/08\/express3.jpg 1330w, https:\/\/homu.com.ar\/new\/wp-content\/uploads\/2023\/08\/express3-300x90.jpg 300w, https:\/\/homu.com.ar\/new\/wp-content\/uploads\/2023\/08\/express3-1024x308.jpg 1024w, https:\/\/homu.com.ar\/new\/wp-content\/uploads\/2023\/08\/express3-768x231.jpg 768w\" sizes=\"(max-width: 1330px) 100vw, 1330px\" \/>\t\t\t\t\t\t\t\t\t\t\t\t\t\t\t<\/div>\n\t\t\t\t<\/div>\n\t\t\t\t\t<\/div>\n\t\t\t\t<\/div>\n\t\t<div class=\"elementor-element elementor-element-3f461ae e-flex e-con-boxed e-con e-parent\" data-id=\"3f461ae\" data-element_type=\"container\" data-e-type=\"container\">\n\t\t\t\t\t<div class=\"e-con-inner\">\n\t\t\t\t<div class=\"elementor-element elementor-element-06b4679 elementor-widget elementor-widget-image\" data-id=\"06b4679\" data-element_type=\"widget\" data-e-type=\"widget\" data-widget_type=\"image.default\">\n\t\t\t\t<div class=\"elementor-widget-container\">\n\t\t\t\t\t\t\t\t\t\t\t\t\t\t\t<img decoding=\"async\" width=\"300\" height=\"105\" src=\"https:\/\/homu.com.ar\/new\/wp-content\/uploads\/2023\/07\/descarga-300x105-1.png\" class=\"attachment-large size-large wp-image-424\" alt=\"\" \/>\t\t\t\t\t\t\t\t\t\t\t\t\t\t\t<\/div>\n\t\t\t\t<\/div>\n\t\t\t\t\t<\/div>\n\t\t\t\t<\/div>\n\t\t<div class=\"elementor-element elementor-element-c0af955 e-flex e-con-boxed e-con e-parent\" data-id=\"c0af955\" data-element_type=\"container\" data-e-type=\"container\">\n\t\t\t\t\t<div class=\"e-con-inner\">\n\t\t<div class=\"elementor-element elementor-element-aa1b638 e-con-full e-flex e-con e-child\" data-id=\"aa1b638\" data-element_type=\"container\" data-e-type=\"container\">\n\t\t\t\t<div class=\"elementor-element elementor-element-86181b3 elementor-widget elementor-widget-text-editor\" data-id=\"86181b3\" data-element_type=\"widget\" data-e-type=\"widget\" data-widget_type=\"text-editor.default\">\n\t\t\t\t<div class=\"elementor-widget-container\">\n\t\t\t\t\t\t\t\t\t<p>Cuando ten\u00e9s poco tiempo, necesit\u00e1s precisi\u00f3n. El mantenimiento express te ofrece tranquilidad de tener tu Toyota listo en 60 minutos, mientras vos disfrut\u00e1s de un rico caf\u00e9 en nuestras instalaciones.<\/p>\t\t\t\t\t\t\t\t<\/div>\n\t\t\t\t<\/div>\n\t\t<div class=\"elementor-element elementor-element-d1532b0 e-flex e-con-boxed e-con e-child\" data-id=\"d1532b0\" data-element_type=\"container\" data-e-type=\"container\">\n\t\t\t\t\t<div class=\"e-con-inner\">\n\t\t<div class=\"elementor-element elementor-element-e9c62cc e-flex e-con-boxed e-con e-child\" data-id=\"e9c62cc\" data-element_type=\"container\" data-e-type=\"container\">\n\t\t\t\t\t<div class=\"e-con-inner\">\n\t\t\t\t<div class=\"elementor-element elementor-element-e5c8feb elementor-widget elementor-widget-text-editor\" data-id=\"e5c8feb\" data-element_type=\"widget\" data-e-type=\"widget\" data-widget_type=\"text-editor.default\">\n\t\t\t\t<div class=\"elementor-widget-container\">\n\t\t\t\t\t\t\t\t\t<div class=\"wpb_text_column wpb_content_element \"><div class=\"wpb_wrapper\"><p><span style=\"color: #ff0000;\">Principales caracter\u00edsticas y beneficios:<\/span><\/p><ul><li><strong>Sincronizaci\u00f3n:<\/strong><br \/>Operaci\u00f3n sincronizada con dos t\u00e9cnicos altamente capacitados.<\/li><li><strong>Transparencia<\/strong><br \/>Posibilidad de ver el servicio en el momento en el que se est\u00e1 realizando.<\/li><li><strong>Puestos de trabajo<\/strong><br \/>El \u00e1rea de trabajo equipada con herramental especial.<\/li><li><strong>Comodidad<\/strong><br \/>Espacios ambientados para la total comodidad durante la espera de su veh\u00edculo.<\/li><li><strong>Horario de entrega garantizado<\/strong><br \/>Reducci\u00f3n del tiempo de espera, conociendo el momento exacto de finalizaci\u00f3n del servicio.<\/li><li><strong>Acondicionamiento final<\/strong><br \/>El servicio de mantenimiento express incluye el lavado del veh\u00edculo.<\/li><\/ul><\/div><\/div>\t\t\t\t\t\t\t\t<\/div>\n\t\t\t\t<\/div>\n\t\t\t\t<div class=\"elementor-element elementor-element-f4a55d3 elementor-widget elementor-widget-text-editor\" data-id=\"f4a55d3\" data-element_type=\"widget\" data-e-type=\"widget\" data-widget_type=\"text-editor.default\">\n\t\t\t\t<div class=\"elementor-widget-container\">\n\t\t\t\t\t\t\t\t\t<p><strong><a href=\"mailto:citas@homu.com.ar\">citas@homu.com.ar<\/a><\/strong><\/p>\t\t\t\t\t\t\t\t<\/div>\n\t\t\t\t<\/div>\n\t\t\t\t<div class=\"elementor-element elementor-element-75cb111 elementor-widget elementor-widget-button\" data-id=\"75cb111\" data-element_type=\"widget\" data-e-type=\"widget\" data-widget_type=\"button.default\">\n\t\t\t\t<div class=\"elementor-widget-container\">\n\t\t\t\t\t\t\t\t\t<div class=\"elementor-button-wrapper\">\n\t\t\t\t\t<a class=\"elementor-button elementor-button-link elementor-size-sm\" href=\"https:\/\/api.whatsapp.com\/send?phone=5493704625357&#038;text=%20\u00a1Hola!%20Me%20gustaria%20consultar%20por%20el%20\u00e1rea%20de%20POSVENTA.%20Muchas%20Gracias\" target=\"_blank\">\n\t\t\t\t\t\t<span class=\"elementor-button-content-wrapper\">\n\t\t\t\t\t\t<span class=\"elementor-button-icon\">\n\t\t\t\t<svg aria-hidden=\"true\" class=\"e-font-icon-svg e-fab-whatsapp\" viewBox=\"0 0 448 512\" xmlns=\"http:\/\/www.w3.org\/2000\/svg\"><path d=\"M380.9 97.1C339 55.1 283.2 32 223.9 32c-122.4 0-222 99.6-222 222 0 39.1 10.2 77.3 29.6 111L0 480l117.7-30.9c32.4 17.7 68.9 27 106.1 27h.1c122.3 0 224.1-99.6 224.1-222 0-59.3-25.2-115-67.1-157zm-157 341.6c-33.2 0-65.7-8.9-94-25.7l-6.7-4-69.8 18.3L72 359.2l-4.4-7c-18.5-29.4-28.2-63.3-28.2-98.2 0-101.7 82.8-184.5 184.6-184.5 49.3 0 95.6 19.2 130.4 54.1 34.8 34.9 56.2 81.2 56.1 130.5 0 101.8-84.9 184.6-186.6 184.6zm101.2-138.2c-5.5-2.8-32.8-16.2-37.9-18-5.1-1.9-8.8-2.8-12.5 2.8-3.7 5.6-14.3 18-17.6 21.8-3.2 3.7-6.5 4.2-12 1.4-32.6-16.3-54-29.1-75.5-66-5.7-9.8 5.7-9.1 16.3-30.3 1.8-3.7.9-6.9-.5-9.7-1.4-2.8-12.5-30.1-17.1-41.2-4.5-10.8-9.1-9.3-12.5-9.5-3.2-.2-6.9-.2-10.6-.2-3.7 0-9.7 1.4-14.8 6.9-5.1 5.6-19.4 19-19.4 46.3 0 27.3 19.9 53.7 22.6 57.4 2.8 3.7 39.1 59.7 94.8 83.8 35.2 15.2 49 16.5 66.6 13.9 10.7-1.6 32.8-13.4 37.4-26.4 4.6-13 4.6-24.1 3.2-26.4-1.3-2.5-5-3.9-10.5-6.6z\"><\/path><\/svg>\t\t\t<\/span>\n\t\t\t\t\t\t\t\t\t<span class=\"elementor-button-text\">PEDIR TURNO POR WHATSAPP<\/span>\n\t\t\t\t\t<\/span>\n\t\t\t\t\t<\/a>\n\t\t\t\t<\/div>\n\t\t\t\t\t\t\t\t<\/div>\n\t\t\t\t<\/div>\n\t\t\t\t\t<\/div>\n\t\t\t\t<\/div>\n\t\t<div class=\"elementor-element elementor-element-5a1874e e-flex e-con-boxed e-con e-child\" data-id=\"5a1874e\" data-element_type=\"container\" data-e-type=\"container\">\n\t\t\t\t\t<div class=\"e-con-inner\">\n\t\t\t\t<div class=\"elementor-element elementor-element-d894bdf elementor-widget elementor-widget-text-editor\" data-id=\"d894bdf\" data-element_type=\"widget\" data-e-type=\"widget\" data-widget_type=\"text-editor.default\">\n\t\t\t\t<div class=\"elementor-widget-container\">\n\t\t\t\t\t\t\t\t\t<div class=\"wpb_text_column wpb_content_element \"><div class=\"wpb_wrapper\"><p><span style=\"color: #ff0000;\">Solicit\u00e1 tu servicio:<\/span><\/p><\/div><\/div>\t\t\t\t\t\t\t\t<\/div>\n\t\t\t\t<\/div>\n\t\t\t\t<div class=\"elementor-element elementor-element-9bca77e elementor-button-align-stretch elementor-widget elementor-widget-form\" data-id=\"9bca77e\" data-element_type=\"widget\" data-e-type=\"widget\" data-settings=\"{&quot;step_next_label&quot;:&quot;Next&quot;,&quot;step_previous_label&quot;:&quot;Previous&quot;,&quot;button_width&quot;:&quot;100&quot;,&quot;step_type&quot;:&quot;number_text&quot;,&quot;step_icon_shape&quot;:&quot;circle&quot;}\" data-widget_type=\"form.default\">\n\t\t\t\t<div class=\"elementor-widget-container\">\n\t\t\t\t\t\t\t<form class=\"elementor-form\" method=\"post\" name=\"New Form\" aria-label=\"New Form\">\n\t\t\t<input type=\"hidden\" name=\"post_id\" value=\"422\"\/>\n\t\t\t<input type=\"hidden\" name=\"form_id\" value=\"9bca77e\"\/>\n\t\t\t<input type=\"hidden\" name=\"referer_title\" value=\"Mantenimiento Express\" \/>\n\n\t\t\t\t\t\t\t<input type=\"hidden\" name=\"queried_id\" value=\"422\"\/>\n\t\t\t\n\t\t\t<div class=\"elementor-form-fields-wrapper elementor-labels-above\">\n\t\t\t\t\t\t\t\t<div class=\"elementor-field-type-text elementor-field-group elementor-column elementor-field-group-name elementor-col-50\">\n\t\t\t\t\t\t\t\t\t\t\t\t\t<input size=\"1\" type=\"text\" name=\"form_fields[name]\" id=\"form-field-name\" class=\"elementor-field elementor-size-sm  elementor-field-textual\" placeholder=\"Nombre\">\n\t\t\t\t\t\t\t\t\t\t\t<\/div>\n\t\t\t\t\t\t\t\t<div class=\"elementor-field-type-text elementor-field-group elementor-column elementor-field-group-field_50bb97a elementor-col-50\">\n\t\t\t\t\t\t\t\t\t\t\t\t\t<input size=\"1\" type=\"text\" name=\"form_fields[field_50bb97a]\" id=\"form-field-field_50bb97a\" class=\"elementor-field elementor-size-sm  elementor-field-textual\" placeholder=\"Apellido\">\n\t\t\t\t\t\t\t\t\t\t\t<\/div>\n\t\t\t\t\t\t\t\t<div class=\"elementor-field-type-email elementor-field-group elementor-column elementor-field-group-email elementor-col-50 elementor-field-required\">\n\t\t\t\t\t\t\t\t\t\t\t\t\t<input size=\"1\" type=\"email\" name=\"form_fields[email]\" id=\"form-field-email\" class=\"elementor-field elementor-size-sm  elementor-field-textual\" placeholder=\"Email\" required=\"required\">\n\t\t\t\t\t\t\t\t\t\t\t<\/div>\n\t\t\t\t\t\t\t\t<div class=\"elementor-field-type-tel elementor-field-group elementor-column elementor-field-group-field_aeda34c elementor-col-50 elementor-field-required\">\n\t\t\t\t\t\t\t<input size=\"1\" type=\"tel\" name=\"form_fields[field_aeda34c]\" id=\"form-field-field_aeda34c\" class=\"elementor-field elementor-size-sm  elementor-field-textual\" placeholder=\"Tel\u00e9fono\" required=\"required\" pattern=\"[0-9()#&amp;+*-=.]+\" title=\"Solo se aceptan n\u00fameros y caracteres de tel\u00e9fono (#,-,*,etc).\">\n\n\t\t\t\t\t\t<\/div>\n\t\t\t\t\t\t\t\t<div class=\"elementor-field-type-radio elementor-field-group elementor-column elementor-field-group-message elementor-col-100\">\n\t\t\t\t\t\t\t\t\t\t\t\t<label for=\"form-field-message\" class=\"elementor-field-label\">\n\t\t\t\t\t\t\t\t\u00bfC\u00f3mo prefiere la confirmaci\u00f3n?\t\t\t\t\t\t\t<\/label>\n\t\t\t\t\t\t<div class=\"elementor-field-subgroup  \"><span class=\"elementor-field-option\"><input type=\"radio\" value=\"\" id=\"form-field-message-0\" name=\"form_fields[message]\"> <label for=\"form-field-message-0\">Tel\u00e9fono<\/label><\/span><span class=\"elementor-field-option\"><input type=\"radio\" value=\"Email\" id=\"form-field-message-1\" name=\"form_fields[message]\"> <label for=\"form-field-message-1\">Email<\/label><\/span><\/div>\t\t\t\t<\/div>\n\t\t\t\t\t\t\t\t<div class=\"elementor-field-type-select elementor-field-group elementor-column elementor-field-group-field_76784a3 elementor-col-100\">\n\t\t\t\t\t\t\t\t\t\t\t\t<label for=\"form-field-field_76784a3\" class=\"elementor-field-label\">\n\t\t\t\t\t\t\t\tTipo de servicio\t\t\t\t\t\t\t<\/label>\n\t\t\t\t\t\t\t\t<div class=\"elementor-field elementor-select-wrapper remove-before \">\n\t\t\t<div class=\"select-caret-down-wrapper\">\n\t\t\t\t<svg aria-hidden=\"true\" class=\"e-font-icon-svg e-eicon-caret-down\" viewBox=\"0 0 571.4 571.4\" xmlns=\"http:\/\/www.w3.org\/2000\/svg\"><path d=\"M571 393Q571 407 561 418L311 668Q300 679 286 679T261 668L11 418Q0 407 0 393T11 368 36 357H536Q550 357 561 368T571 393Z\"><\/path><\/svg>\t\t\t<\/div>\n\t\t\t<select name=\"form_fields[field_76784a3]\" id=\"form-field-field_76784a3\" class=\"elementor-field-textual elementor-size-sm\">\n\t\t\t\t\t\t\t\t\t<option value=\"Servicio de 1.000 kms\">Servicio de 1.000 kms<\/option>\n\t\t\t\t\t\t\t\t\t<option value=\"Servicio de 10.000 kms\">Servicio de 10.000 kms<\/option>\n\t\t\t\t\t\t\t\t\t<option value=\"Servicio de 20.000 kms\">Servicio de 20.000 kms<\/option>\n\t\t\t\t\t\t\t\t\t<option value=\"Servicio de 30.000 kms\">Servicio de 30.000 kms<\/option>\n\t\t\t\t\t\t\t\t\t<option value=\"Servicio de 40.000 kms\">Servicio de 40.000 kms<\/option>\n\t\t\t\t\t\t\t\t\t<option value=\"Servicio de 50.000 kms\">Servicio de 50.000 kms<\/option>\n\t\t\t\t\t\t\t\t\t<option value=\"Servicio de 60.000 kms\">Servicio de 60.000 kms<\/option>\n\t\t\t\t\t\t\t\t\t<option value=\"Servicio de 70.000 kms\">Servicio de 70.000 kms<\/option>\n\t\t\t\t\t\t\t\t\t<option value=\"Servicio de 80.000 kms\">Servicio de 80.000 kms<\/option>\n\t\t\t\t\t\t\t\t\t<option value=\"Servicio de 90.000 kms\">Servicio de 90.000 kms<\/option>\n\t\t\t\t\t\t\t\t\t<option value=\"Servicio de 100.000 kms\">Servicio de 100.000 kms<\/option>\n\t\t\t\t\t\t\t\t\t<option value=\"M\u00e1s de 100.000 kms\">M\u00e1s de 100.000 kms<\/option>\n\t\t\t\t\t\t\t<\/select>\n\t\t<\/div>\n\t\t\t\t\t\t<\/div>\n\t\t\t\t\t\t\t\t<div class=\"elementor-field-type-radio elementor-field-group elementor-column elementor-field-group-field_df5026f elementor-col-100\">\n\t\t\t\t\t<div class=\"elementor-field-subgroup  \"><span class=\"elementor-field-option\"><input type=\"radio\" value=\"Mec\u00e1nica\" id=\"form-field-field_df5026f-0\" name=\"form_fields[field_df5026f]\"> <label for=\"form-field-field_df5026f-0\">Mec\u00e1nica<\/label><\/span><span class=\"elementor-field-option\"><input type=\"radio\" value=\"\u00d3tros\" id=\"form-field-field_df5026f-1\" name=\"form_fields[field_df5026f]\"> <label for=\"form-field-field_df5026f-1\">\u00d3tros<\/label><\/span><\/div>\t\t\t\t<\/div>\n\t\t\t\t\t\t\t\t<div class=\"elementor-field-type-select elementor-field-group elementor-column elementor-field-group-field_44fcbc8 elementor-col-50\">\n\t\t\t\t\t\t\t\t\t\t\t\t<label for=\"form-field-field_44fcbc8\" class=\"elementor-field-label\">\n\t\t\t\t\t\t\t\tModelo\t\t\t\t\t\t\t<\/label>\n\t\t\t\t\t\t\t\t<div class=\"elementor-field elementor-select-wrapper remove-before \">\n\t\t\t<div class=\"select-caret-down-wrapper\">\n\t\t\t\t<svg aria-hidden=\"true\" class=\"e-font-icon-svg e-eicon-caret-down\" viewBox=\"0 0 571.4 571.4\" xmlns=\"http:\/\/www.w3.org\/2000\/svg\"><path d=\"M571 393Q571 407 561 418L311 668Q300 679 286 679T261 668L11 418Q0 407 0 393T11 368 36 357H536Q550 357 561 368T571 393Z\"><\/path><\/svg>\t\t\t<\/div>\n\t\t\t<select name=\"form_fields[field_44fcbc8]\" id=\"form-field-field_44fcbc8\" class=\"elementor-field-textual elementor-size-sm\">\n\t\t\t\t\t\t\t\t\t<option value=\"ETIOS\">ETIOS<\/option>\n\t\t\t\t\t\t\t\t\t<option value=\"COROLLA\">COROLLA<\/option>\n\t\t\t\t\t\t\t\t\t<option value=\"CAMRY\">CAMRY<\/option>\n\t\t\t\t\t\t\t\t\t<option value=\"RAV4\">RAV4<\/option>\n\t\t\t\t\t\t\t\t\t<option value=\"LAND CRUISER PRADO\">LAND CRUISER PRADO<\/option>\n\t\t\t\t\t\t\t\t\t<option value=\"LAND CRUISER L200\">LAND CRUISER L200<\/option>\n\t\t\t\t\t\t\t\t\t<option value=\"86\">86<\/option>\n\t\t\t\t\t\t\t\t\t<option value=\"HILUX CABINA SIMPLE\">HILUX CABINA SIMPLE<\/option>\n\t\t\t\t\t\t\t\t\t<option value=\"HILUX CABINA DOBLE\">HILUX CABINA DOBLE<\/option>\n\t\t\t\t\t\t\t\t\t<option value=\"YARIS\">YARIS<\/option>\n\t\t\t\t\t\t\t\t\t<option value=\"SW4\">SW4<\/option>\n\t\t\t\t\t\t\t\t\t<option value=\"PRIUS\">PRIUS<\/option>\n\t\t\t\t\t\t\t<\/select>\n\t\t<\/div>\n\t\t\t\t\t\t<\/div>\n\t\t\t\t\t\t\t\t<div class=\"elementor-field-type-select elementor-field-group elementor-column elementor-field-group-field_81f0dd5 elementor-col-50\">\n\t\t\t\t\t\t\t\t\t\t\t\t<label for=\"form-field-field_81f0dd5\" class=\"elementor-field-label\">\n\t\t\t\t\t\t\t\tA\u00f1o\t\t\t\t\t\t\t<\/label>\n\t\t\t\t\t\t\t\t<div class=\"elementor-field elementor-select-wrapper remove-before \">\n\t\t\t<div class=\"select-caret-down-wrapper\">\n\t\t\t\t<svg aria-hidden=\"true\" class=\"e-font-icon-svg e-eicon-caret-down\" viewBox=\"0 0 571.4 571.4\" xmlns=\"http:\/\/www.w3.org\/2000\/svg\"><path d=\"M571 393Q571 407 561 418L311 668Q300 679 286 679T261 668L11 418Q0 407 0 393T11 368 36 357H536Q550 357 561 368T571 393Z\"><\/path><\/svg>\t\t\t<\/div>\n\t\t\t<select name=\"form_fields[field_81f0dd5]\" id=\"form-field-field_81f0dd5\" class=\"elementor-field-textual elementor-size-sm\">\n\t\t\t\t\t\t\t\t\t<option value=\"1990\">1990<\/option>\n\t\t\t\t\t\t\t\t\t<option value=\"1991\">1991<\/option>\n\t\t\t\t\t\t\t\t\t<option value=\"1992\">1992<\/option>\n\t\t\t\t\t\t\t\t\t<option value=\"1993\">1993<\/option>\n\t\t\t\t\t\t\t\t\t<option value=\"1994\">1994<\/option>\n\t\t\t\t\t\t\t\t\t<option value=\"1995\">1995<\/option>\n\t\t\t\t\t\t\t\t\t<option value=\"1996\">1996<\/option>\n\t\t\t\t\t\t\t\t\t<option value=\"1997\">1997<\/option>\n\t\t\t\t\t\t\t\t\t<option value=\"1998\">1998<\/option>\n\t\t\t\t\t\t\t\t\t<option value=\"1999\">1999<\/option>\n\t\t\t\t\t\t\t\t\t<option value=\"2000\">2000<\/option>\n\t\t\t\t\t\t\t\t\t<option value=\"2001\">2001<\/option>\n\t\t\t\t\t\t\t\t\t<option value=\"2002\">2002<\/option>\n\t\t\t\t\t\t\t\t\t<option value=\"2003\">2003<\/option>\n\t\t\t\t\t\t\t\t\t<option value=\"2004\">2004<\/option>\n\t\t\t\t\t\t\t\t\t<option value=\"2005\">2005<\/option>\n\t\t\t\t\t\t\t\t\t<option value=\"2006\">2006<\/option>\n\t\t\t\t\t\t\t\t\t<option value=\"2007\">2007<\/option>\n\t\t\t\t\t\t\t\t\t<option value=\"2008\">2008<\/option>\n\t\t\t\t\t\t\t\t\t<option value=\"2009\">2009<\/option>\n\t\t\t\t\t\t\t\t\t<option value=\"2010\">2010<\/option>\n\t\t\t\t\t\t\t\t\t<option value=\"2011\">2011<\/option>\n\t\t\t\t\t\t\t\t\t<option value=\"2012\">2012<\/option>\n\t\t\t\t\t\t\t\t\t<option value=\"2013\">2013<\/option>\n\t\t\t\t\t\t\t\t\t<option value=\"2014\">2014<\/option>\n\t\t\t\t\t\t\t\t\t<option value=\"2015\">2015<\/option>\n\t\t\t\t\t\t\t\t\t<option value=\"2016\">2016<\/option>\n\t\t\t\t\t\t\t\t\t<option value=\"2017\">2017<\/option>\n\t\t\t\t\t\t\t\t\t<option value=\"2018\">2018<\/option>\n\t\t\t\t\t\t\t\t\t<option value=\"2019\">2019<\/option>\n\t\t\t\t\t\t\t\t\t<option value=\"2020\">2020<\/option>\n\t\t\t\t\t\t\t\t\t<option value=\"2021\">2021<\/option>\n\t\t\t\t\t\t\t\t\t<option value=\"2022\">2022<\/option>\n\t\t\t\t\t\t\t\t\t<option value=\"2023\">2023<\/option>\n\t\t\t\t\t\t\t<\/select>\n\t\t<\/div>\n\t\t\t\t\t\t<\/div>\n\t\t\t\t\t\t\t\t<div class=\"elementor-field-type-date elementor-field-group elementor-column elementor-field-group-field_4ec3db1 elementor-col-50\">\n\t\t\t\t\t\t\t\t\t\t\t\t<label for=\"form-field-field_4ec3db1\" class=\"elementor-field-label\">\n\t\t\t\t\t\t\t\tFecha\t\t\t\t\t\t\t<\/label>\n\t\t\t\t\t\t\n\t\t<input type=\"date\" name=\"form_fields[field_4ec3db1]\" id=\"form-field-field_4ec3db1\" class=\"elementor-field elementor-size-sm  elementor-field-textual elementor-date-field\" pattern=\"[0-9]{4}-[0-9]{2}-[0-9]{2}\">\n\t\t\t\t\t\t<\/div>\n\t\t\t\t\t\t\t\t<div class=\"elementor-field-type-text elementor-field-group elementor-column elementor-field-group-field_5dab052 elementor-col-50\">\n\t\t\t\t\t\t\t\t\t\t\t\t<label for=\"form-field-field_5dab052\" class=\"elementor-field-label\">\n\t\t\t\t\t\t\t\tDominio\t\t\t\t\t\t\t<\/label>\n\t\t\t\t\t\t\t\t\t\t\t\t\t\t<input size=\"1\" type=\"text\" name=\"form_fields[field_5dab052]\" id=\"form-field-field_5dab052\" class=\"elementor-field elementor-size-sm  elementor-field-textual\" placeholder=\"Patente\">\n\t\t\t\t\t\t\t\t\t\t\t<\/div>\n\t\t\t\t\t\t\t\t<div class=\"elementor-field-group elementor-column elementor-field-type-submit elementor-col-100 e-form__buttons\">\n\t\t\t\t\t<button class=\"elementor-button elementor-size-sm\" type=\"submit\">\n\t\t\t\t\t\t<span class=\"elementor-button-content-wrapper\">\n\t\t\t\t\t\t\t\t\t\t\t\t\t\t\t\t\t\t\t\t\t\t<span class=\"elementor-button-text\">Enviar<\/span>\n\t\t\t\t\t\t\t\t\t\t\t\t\t<\/span>\n\t\t\t\t\t<\/button>\n\t\t\t\t<\/div>\n\t\t\t<\/div>\n\t\t<\/form>\n\t\t\t\t\t\t<\/div>\n\t\t\t\t<\/div>\n\t\t\t\t\t<\/div>\n\t\t\t\t<\/div>\n\t\t\t\t\t<\/div>\n\t\t\t\t<\/div>\n\t\t\t\t<\/div>\n\t\t\t\t\t<\/div>\n\t\t\t\t<\/div>\n\t\t<div class=\"elementor-element elementor-element-282f254 e-flex e-con-boxed e-con e-parent\" data-id=\"282f254\" data-element_type=\"container\" data-e-type=\"container\">\n\t\t\t\t\t<div class=\"e-con-inner\">\n\t\t\t\t\t<\/div>\n\t\t\t\t<\/div>\n\t\t\t\t<\/div>\n\t\t","protected":false},"excerpt":{"rendered":"<p>Cuando ten\u00e9s poco tiempo, necesit\u00e1s precisi\u00f3n. El mantenimiento express te ofrece tranquilidad de tener tu Toyota listo en 60 minutos, mientras vos disfrut\u00e1s de un rico caf\u00e9 en nuestras instalaciones. Principales caracter\u00edsticas y beneficios: Sincronizaci\u00f3n:Operaci\u00f3n sincronizada con dos t\u00e9cnicos altamente capacitados. TransparenciaPosibilidad de ver el servicio en el momento en el que se est\u00e1 realizando. [&hellip;]<\/p>\n","protected":false},"author":1,"featured_media":0,"parent":0,"menu_order":0,"comment_status":"closed","ping_status":"closed","template":"","meta":{"_acf_changed":false,"footnotes":""},"class_list":["post-422","page","type-page","status-publish","hentry"],"acf":[],"jetpack_sharing_enabled":true,"_links":{"self":[{"href":"https:\/\/homu.com.ar\/new\/wp-json\/wp\/v2\/pages\/422","targetHints":{"allow":["GET"]}}],"collection":[{"href":"https:\/\/homu.com.ar\/new\/wp-json\/wp\/v2\/pages"}],"about":[{"href":"https:\/\/homu.com.ar\/new\/wp-json\/wp\/v2\/types\/page"}],"author":[{"embeddable":true,"href":"https:\/\/homu.com.ar\/new\/wp-json\/wp\/v2\/users\/1"}],"replies":[{"embeddable":true,"href":"https:\/\/homu.com.ar\/new\/wp-json\/wp\/v2\/comments?post=422"}],"version-history":[{"count":106,"href":"https:\/\/homu.com.ar\/new\/wp-json\/wp\/v2\/pages\/422\/revisions"}],"predecessor-version":[{"id":25882,"href":"https:\/\/homu.com.ar\/new\/wp-json\/wp\/v2\/pages\/422\/revisions\/25882"}],"wp:attachment":[{"href":"https:\/\/homu.com.ar\/new\/wp-json\/wp\/v2\/media?parent=422"}],"curies":[{"name":"wp","href":"https:\/\/api.w.org\/{rel}","templated":true}]}}