{"id":2763,"date":"2023-10-23T09:26:58","date_gmt":"2023-10-23T12:26:58","guid":{"rendered":"https:\/\/homu.com.ar\/new\/?page_id=2763"},"modified":"2025-10-08T11:29:10","modified_gmt":"2025-10-08T14:29:10","slug":"servicios-financieros","status":"publish","type":"page","link":"https:\/\/homu.com.ar\/new\/servicios-financieros\/","title":{"rendered":"Servicios Financieros"},"content":{"rendered":"\t\t<div data-elementor-type=\"wp-page\" data-elementor-id=\"2763\" class=\"elementor elementor-2763\" data-elementor-post-type=\"page\">\n\t\t\t\t<div class=\"elementor-element elementor-element-7126681 e-con-full e-flex e-con e-parent\" data-id=\"7126681\" data-element_type=\"container\" data-e-type=\"container\">\n\t\t<div class=\"elementor-element elementor-element-29f600b e-flex e-con-boxed e-con e-child\" data-id=\"29f600b\" data-element_type=\"container\" data-e-type=\"container\">\n\t\t\t\t\t<div class=\"e-con-inner\">\n\t\t\t\t<div class=\"elementor-element elementor-element-bec023f elementor-widget elementor-widget-image\" data-id=\"bec023f\" data-element_type=\"widget\" data-e-type=\"widget\" data-widget_type=\"image.default\">\n\t\t\t\t<div class=\"elementor-widget-container\">\n\t\t\t\t\t\t\t\t\t\t\t\t\t\t\t<img decoding=\"async\" width=\"260\" height=\"101\" src=\"https:\/\/homu.com.ar\/new\/wp-content\/uploads\/2023\/10\/Toyota_Financial-260x101-1.png\" class=\"attachment-large size-large wp-image-2765\" alt=\"\" \/>\t\t\t\t\t\t\t\t\t\t\t\t\t\t\t<\/div>\n\t\t\t\t<\/div>\n\t\t<div class=\"elementor-element elementor-element-4313bfc e-flex e-con-boxed e-con e-child\" data-id=\"4313bfc\" data-element_type=\"container\" data-e-type=\"container\">\n\t\t\t\t\t<div class=\"e-con-inner\">\n\t\t\t\t<div class=\"elementor-element elementor-element-6f93d63 elementor-widget elementor-widget-text-editor\" data-id=\"6f93d63\" data-element_type=\"widget\" data-e-type=\"widget\" data-widget_type=\"text-editor.default\">\n\t\t\t\t<div class=\"elementor-widget-container\">\n\t\t\t\t\t\t\t\t\t<h4 class=\"lead\"><span style=\"color: #ff0000;\"><strong>LEASING<\/strong><\/span><\/h4><p>Entre los principales beneficios del Leasing, cabe destacar la posibilidad de financiaci\u00f3n de hasta el 60% y 80% a personas f\u00edsicas y 100% a jur\u00eddicas del valor del veh\u00edculo. De esta manera, el empresario puede destinar esos recursos a financiar otros activos, optimizando el uso de capital de trabajo.<\/p><p>Por otra parte, mejora los \u00edndices de liquidez, endeudamiento y rentabilidad de los estados contables dado que no se trata de una compra. En general, los pagos se mantienen inalterables Esta certidumbre permite obtener bienes y equipos dentro del presupuesto fijado para su funcionamiento, sin necesidad de reajustes o desfasajes inoportunos.<\/p><p>El Tomador comienza a pagar el canon a los 30 d\u00edas de tener a disposici\u00f3n el bien. Aquellos responsables inscriptos en el impuesto a las ganancias, en el caso de utilitarios, podr\u00e1n computar el 100% del importe del canon como gasto deducible de ganancia gravada, produciendo el efecto de una amortizaci\u00f3n acelerada en el plazo del Leasing. Adem\u00e1s, se prorratea el pago del IVA abon\u00e1ndolo en cada canon en lugar de al contado.<\/p><h4 class=\"lead\"><span style=\"color: #ff0000;\"><strong>SEGURO<\/strong><\/span><\/h4><p>En Toyota Broker de Seguros trabajamos con compa\u00f1\u00edas l\u00edderes para brindar a nuestros clientes los productos y servicios m\u00e1s innovadores del mercado, satisfaciendo las necesidades cambiantes del mundo actual.<\/p><p>Bajo los pilares de la confianza, la calidad y la innovaci\u00f3n creamos alianzas \u00fanicas para llegar a nuestros clientes con propuestas \u00fanicas y diferenciales.<\/p><p>Inmersos en la era digital, contamos con gestiones eficientes y modernas para acercarnos a nuestros clientes en el formato que nos necesitan. Te brindamos mucha m\u00e1s que un seguro.<\/p>\t\t\t\t\t\t\t\t<\/div>\n\t\t\t\t<\/div>\n\t\t\t\t<div class=\"elementor-element elementor-element-0a36a5f elementor-widget elementor-widget-text-editor\" data-id=\"0a36a5f\" data-element_type=\"widget\" data-e-type=\"widget\" data-widget_type=\"text-editor.default\">\n\t\t\t\t<div class=\"elementor-widget-container\">\n\t\t\t\t\t\t\t\t\t<h4 class=\"lead\"><strong><span style=\"color: #ff0000;\">CR\u00c9DITOS PRENDARIOS<\/span><br \/><\/strong><\/h4><p>Con el cr\u00e9dito prendario tenes la oportunidad de formar parte de la familia Toyota.<br \/>Con una financiaci\u00f3n de hasta el 70%, una taza fija, y con requisitos m\u00ednimos, podes tener un pre aprobado en el d\u00eda, sin costo.<br \/>La manera mas transparente, simple y r\u00e1pida de tener tu Toyota.<\/p>\t\t\t\t\t\t\t\t<\/div>\n\t\t\t\t<\/div>\n\t\t\t\t<div class=\"elementor-element elementor-element-d0325d3 elementor-widget elementor-widget-text-editor\" data-id=\"d0325d3\" data-element_type=\"widget\" data-e-type=\"widget\" data-widget_type=\"text-editor.default\">\n\t\t\t\t<div class=\"elementor-widget-container\">\n\t\t\t\t\t\t\t\t\t<h4 class=\"lead\"><strong><span style=\"color: #ff0000;\">FINANCIACI\u00d3N<\/span><br \/><\/strong><\/h4><ul><li>Financiaci\u00f3n de hasta el 70% del valor de la unidad<\/li><li>Tasa fija en pesos<\/li><li>Financiando de 6 hasta en 60 meses<\/li><li>Con el DNI y una Boleta de Servicio podes adquirir un pre aprobado, sin costo<\/li><li>Con Toyota Compa\u00f1\u00eda Financiera tenes la menor taza de inter\u00e9s<\/li><li>La Financiaci\u00f3n es un pr\u00e9stamo o un cr\u00e9dito por el cual la unidad se prenda por el tiempo que dure la financiaci\u00f3n, o en el tiempo que se salde la deuda<\/li><li>Sistema de Financiaci\u00f3n que utilizamos es el Franc\u00e9s<\/li><\/ul>\t\t\t\t\t\t\t\t<\/div>\n\t\t\t\t<\/div>\n\t\t\t\t<div class=\"elementor-element elementor-element-3db5b76 elementor-widget elementor-widget-text-editor\" data-id=\"3db5b76\" data-element_type=\"widget\" data-e-type=\"widget\" data-widget_type=\"text-editor.default\">\n\t\t\t\t<div class=\"elementor-widget-container\">\n\t\t\t\t\t\t\t\t\t<div class=\"wpb_text_column wpb_content_element \"><div class=\"wpb_wrapper\"><p><strong>Toyota Compa\u00f1\u00eda Financiera de Argentina S.A., es la empresa que Toyota Financial Services Corporation cre\u00f3 en nuestro pa\u00eds con el objetivo de facilitar la adquisici\u00f3n de su TOYOTA, poniendo a su disposici\u00f3n una amplia gama de productos financieros, como Cr\u00e9ditos Prendarios y Leasing.<\/strong><\/p><\/div><\/div><div class=\"vc_row wpb_row vc_inner vc_row-fluid\"><div class=\"wpb_column vc_column_container vc_col-sm-6\"><div class=\"vc_column-inner\"><div class=\"wpb_wrapper\"><div class=\"wpb_text_column wpb_content_element \"><div class=\"wpb_wrapper\">\u00a0<\/div><\/div><\/div><\/div><\/div><\/div>\t\t\t\t\t\t\t\t<\/div>\n\t\t\t\t<\/div>\n\t\t<div class=\"elementor-element elementor-element-e770f99 e-flex e-con-boxed e-con e-child\" data-id=\"e770f99\" data-element_type=\"container\" data-e-type=\"container\">\n\t\t\t\t\t<div class=\"e-con-inner\">\n\t\t<div class=\"elementor-element elementor-element-4dfda5f e-flex e-con-boxed e-con e-child\" data-id=\"4dfda5f\" data-element_type=\"container\" data-e-type=\"container\">\n\t\t\t\t\t<div class=\"e-con-inner\">\n\t\t\t\t<div class=\"elementor-element elementor-element-bbef4c2 elementor-widget elementor-widget-text-editor\" data-id=\"bbef4c2\" data-element_type=\"widget\" data-e-type=\"widget\" data-widget_type=\"text-editor.default\">\n\t\t\t\t<div class=\"elementor-widget-container\">\n\t\t\t\t\t\t\t\t\t<div class=\"wpb_text_column wpb_content_element \"><div class=\"wpb_wrapper\"><h4 class=\"pricing-title text-left\">Requisitos personas f\u00edsicas<\/h4><\/div><\/div><div class=\"wpb_text_column wpb_content_element \"><div class=\"wpb_wrapper\"><table><tbody><tr><td><span style=\"font-size: 10pt;\"><strong>Documentaci\u00f3n<\/strong><\/span><\/td><td><span style=\"font-size: 10pt;\"><strong>Responsable inscripto<\/strong><\/span><\/td><td><span style=\"font-size: 10pt;\"><strong>Monotributista<\/strong><\/span><\/td><td><span style=\"font-size: 10pt;\"><strong>En relaci\u00f3n de dependencia<\/strong><\/span><\/td><\/tr><tr><td>DNI<\/td><td><strong>\u2022<\/strong><\/td><td><div id=\"stcpDiv\"><strong>\u2022<\/strong><\/div><\/td><td><div id=\"stcpDiv\"><strong>\u2022<\/strong><\/div><\/td><\/tr><tr><td>Comprobante de servicio<\/td><td><div id=\"stcpDiv\"><strong>\u2022<\/strong><\/div><\/td><td><div id=\"stcpDiv\"><strong>\u2022<\/strong><\/div><\/td><td><div id=\"stcpDiv\"><strong>\u2022<\/strong><\/div><\/td><\/tr><tr><td>3 \u00faltimos recibos de sueldo<\/td><td>\u00a0<\/td><td>\u00a0<\/td><td><strong>\u2022<\/strong><\/td><\/tr><tr><td>3 \u00faltimos pagos de aut\u00f3nomos<\/td><td><strong>\u2022<\/strong><\/td><td>\u00a0<\/td><td>\u00a0<\/td><\/tr><tr><td>Ultima DDJJ de Ganancias (1)<\/td><td><strong>\u2022<\/strong><\/td><td>\u00a0<\/td><td>\u00a0<\/td><\/tr><tr><td>3 \u00faltimos pagos de monostributo<\/td><td>\u00a0<\/td><td><strong>\u2022<\/strong><\/td><td>\u00a0<\/td><\/tr><\/tbody><\/table><\/div><\/div>\t\t\t\t\t\t\t\t<\/div>\n\t\t\t\t<\/div>\n\t\t\t\t<div class=\"elementor-element elementor-element-28d8cf1 elementor-widget elementor-widget-text-editor\" data-id=\"28d8cf1\" data-element_type=\"widget\" data-e-type=\"widget\" data-widget_type=\"text-editor.default\">\n\t\t\t\t<div class=\"elementor-widget-container\">\n\t\t\t\t\t\t\t\t\t<p>(1) Con ticket de presentaci\u00f3n y pago de corresponder.<br \/>Consultar por Planes de requisitos m\u00ednimos.<br \/>Antig\u00fcedad: Rel. Dep.= 1 a\u00f1o \/ Resp. Insc.= 2 a\u00f1os para profesionales y 3 a\u00f1os para Comerciantes \/ Resp. Monot.= 1 a\u00f1o para profesionales y 2 a\u00f1os para Comerciantes.<\/p>\t\t\t\t\t\t\t\t<\/div>\n\t\t\t\t<\/div>\n\t\t\t\t\t<\/div>\n\t\t\t\t<\/div>\n\t\t<div class=\"elementor-element elementor-element-0125c43 e-flex e-con-boxed e-con e-child\" data-id=\"0125c43\" data-element_type=\"container\" data-e-type=\"container\">\n\t\t\t\t\t<div class=\"e-con-inner\">\n\t\t\t\t<div class=\"elementor-element elementor-element-4f24dc2 elementor-widget elementor-widget-text-editor\" data-id=\"4f24dc2\" data-element_type=\"widget\" data-e-type=\"widget\" data-widget_type=\"text-editor.default\">\n\t\t\t\t<div class=\"elementor-widget-container\">\n\t\t\t\t\t\t\t\t\t<div class=\"wpb_text_column wpb_content_element \"><div class=\"wpb_wrapper\"><h4 class=\"pricing-title text-left\">Requisitos personas jur\u00eddicas<\/h4><\/div><\/div><div class=\"wpb_text_column wpb_content_element \"><div class=\"wpb_wrapper\"><table><tbody><tr><td><strong>Documentaci\u00f3n Requerida<\/strong><\/td><td><strong>S.A.<\/strong><\/td><td><strong>A.R.L.<\/strong><\/td><td><strong>S.H.<\/strong><\/td><\/tr><tr><td>Estatuto o contrato social o constitutivo<\/td><td><strong>\u2022<\/strong><\/td><td><strong>\u2022<\/strong><\/td><td><strong>\u2022<\/strong><\/td><\/tr><tr><td>Ultima acta de Directorio y Asamblea<\/td><td><strong>\u2022<\/strong><\/td><td><strong>\u2022<\/strong><\/td><td>\u00a0<\/td><\/tr><tr><td>2 \u00faltimos balances certificados en el CPCE<\/td><td><strong>\u2022<\/strong><\/td><td><strong>\u2022<\/strong><\/td><td>\u00a0<\/td><\/tr><tr><td>Comprobantes de servicios<\/td><td><strong>\u2022<\/strong><\/td><td><strong>\u2022<\/strong><\/td><td><strong>\u2022<\/strong><\/td><\/tr><tr><td>3 \u00faltimos pagos de I.V.A.<\/td><td><strong>\u2022<\/strong><\/td><td><strong>\u2022<\/strong><\/td><td><strong>\u2022<\/strong><\/td><\/tr><tr><td>3 \u00faltimos pagos previsionales (AFIP 931)<\/td><td><strong>\u2022<\/strong><\/td><td><strong>\u2022<\/strong><\/td><td><strong>\u2022<\/strong><\/td><\/tr><tr><td>Detalle de principales clientes y proveedores<\/td><td><strong>\u2022<\/strong><\/td><td><strong>\u2022<\/strong><\/td><td><strong>\u2022<\/strong><\/td><\/tr><tr><td>Ultima DDJJ de Ganancias con ticket de presentaci\u00f3n y pago de corresponder<\/td><td><strong>\u2022<\/strong><\/td><td><strong>\u2022<\/strong><\/td><td>\u00a0<\/td><\/tr><\/tbody><\/table><\/div><\/div>\t\t\t\t\t\t\t\t<\/div>\n\t\t\t\t<\/div>\n\t\t\t\t<div class=\"elementor-element elementor-element-0779f6b elementor-widget elementor-widget-text-editor\" data-id=\"0779f6b\" data-element_type=\"widget\" data-e-type=\"widget\" data-widget_type=\"text-editor.default\">\n\t\t\t\t<div class=\"elementor-widget-container\">\n\t\t\t\t\t\t\t\t\t<div class=\"vc_row wpb_row vc_inner vc_row-fluid\"><div class=\"wpb_column vc_column_container vc_col-sm-6\"><div class=\"vc_column-inner\"><div class=\"wpb_wrapper\"><div class=\"wpb_text_column wpb_content_element \"><div class=\"wpb_wrapper\"><div class=\"grayCircle\"><strong>\u2022<\/strong>\u00a0<small>S\u00f3lo si confeccionan acta, dado que las S.R.L. no estan obligadas<\/small><\/div><\/div><\/div><\/div><\/div><\/div><\/div><div class=\"vc_row wpb_row vc_inner vc_row-fluid\"><div class=\"wpb_column vc_column_container vc_col-sm-4\"><div class=\"vc_column-inner\"><div class=\"wpb_wrapper\"><div class=\"wpb_text_column wpb_content_element \"><div class=\"wpb_wrapper\">\u00a0<\/div><\/div><\/div><\/div><\/div><\/div>\t\t\t\t\t\t\t\t<\/div>\n\t\t\t\t<\/div>\n\t\t\t\t\t<\/div>\n\t\t\t\t<\/div>\n\t\t\t\t\t<\/div>\n\t\t\t\t<\/div>\n\t\t<div class=\"elementor-element elementor-element-21e1d3f e-flex e-con-boxed e-con e-child\" data-id=\"21e1d3f\" data-element_type=\"container\" data-e-type=\"container\">\n\t\t\t\t\t<div class=\"e-con-inner\">\n\t\t\t\t<div class=\"elementor-element elementor-element-f090a83 elementor-widget elementor-widget-text-editor\" data-id=\"f090a83\" data-element_type=\"widget\" data-e-type=\"widget\" data-widget_type=\"text-editor.default\">\n\t\t\t\t<div class=\"elementor-widget-container\">\n\t\t\t\t\t\t\t\t\t<div class=\"wpb_text_column wpb_content_element \"><div class=\"wpb_wrapper\"><h3 class=\"section-title center\"><span style=\"color: #ff0000;\">Cr\u00e9ditos Prendarios<\/span><\/h3><p class=\"section-title center\"><span class=\"section-subtitle\">Cr\u00e9ditos prendarios dise\u00f1ados exclusivamente para su necesidad<\/span><\/p><hr \/><\/div><\/div><div class=\"wpb_text_column wpb_content_element \"><div class=\"wpb_wrapper\"><div class=\"section-title-wrapper style-2 v1\"><h4 class=\"section-title section-title-sm left\">Tipo de veh\u00edculos a financiar:<\/h4><ul><li><i class=\"icon-check\"><\/i>Autom\u00f3viles y utilitarios hasta 1500 kg. de carga.<\/li><li>0km Toyota, Usados Toyota hasta 10 a\u00f1os de antig\u00fcedad y<\/li><li>Otras Marcas hasta 7 a\u00f1os de antig\u00fcedad.<\/li><li>Uso particular y Comercial<\/li><\/ul><div class=\"section-title-wrapper style-2 v1\"><h4 class=\"section-title section-title-sm left\">Caracter\u00edsticas:<\/h4><ul><li><i class=\"icon-check\"><\/i>Moneda del pr\u00e9stamo: Pesos<\/li><li>Tipo de Tasa: Fija<\/li><li>Sistema de Amortizaci\u00f3n: Franc\u00e9s<\/li><li>Seguros: de Vida<\/li><\/ul><h4 class=\"section-title section-title-sm left\">Gastos y Seguros:<\/h4><ul><li><i class=\"icon-check\"><\/i>Gastos de Otorgamiento: 0%<\/li><li>Gastos Administrativos: $160 + IVA por mes.<\/li><li>Seguro de Vida: 0,176% sobre saldo de deuda.<\/li><li>Seguro del Automotor: Libre contrataci\u00f3n por parte del Cliente (Consultar en los concesionarios de la Red por las Compa\u00f1\u00edas Aseguradoras calificadas)<\/li><\/ul><\/div><\/div><\/div><\/div>\t\t\t\t\t\t\t\t<\/div>\n\t\t\t\t<\/div>\n\t\t\t\t<div class=\"elementor-element elementor-element-f37e41b elementor-widget elementor-widget-text-editor\" data-id=\"f37e41b\" data-element_type=\"widget\" data-e-type=\"widget\" data-widget_type=\"text-editor.default\">\n\t\t\t\t<div class=\"elementor-widget-container\">\n\t\t\t\t\t\t\t\t\t<div class=\"wpb_column vc_column_container vc_col-sm-4\"><div class=\"vc_column-inner\"><div class=\"wpb_wrapper\"><div class=\"wpb_text_column wpb_content_element \"><div class=\"wpb_wrapper\"><div class=\"section-title-wrapper style-1 v1\"><h3 class=\"section-title center\"><span style=\"color: #ff0000;\">Leasing<\/span><\/h3><p class=\"section-title center\"><span class=\"section-subtitle\">Una excelente herramienta financiera para la adquisici\u00f3n de su nuevo TOYOTA<\/span><\/p><hr \/><p class=\"section-title center\">\u00a0<\/p><\/div><\/div><\/div><div class=\"wpb_text_column wpb_content_element \"><div class=\"wpb_wrapper\"><ul><li><i class=\"icon-check\"><\/i><strong>Flexibilidad:<\/strong> La evaluaci\u00f3n crediticia es m\u00e1s flexible.<\/li><li><b>Financiaci\u00f3n 100%:<\/b> Obtiene financiaci\u00f3n a largo plazo, por el 100% del valor del veh\u00edculo.<\/li><li><strong>Actualizaci\u00f3n tecnol\u00f3gica:<\/strong> Permite actualizar los veh\u00edculos cada vez que finaliza el plazo contratado.<\/li><li><strong>Capacidad crediticia:<\/strong> No se afecta la capacidad del TOMADOR para acceder a otras fuentes de financiamiento, a tomar otros cr\u00e9ditos. (Ya que al contratar un Leasing no se registra endeudamiento).<\/li><li><strong>IVA:<\/strong>\u00a0IVA: El pago del IVA se devenga mensualmente con el pago del canon, siendo este el 21% indistintamente si es un Autom\u00f3vil o Pick up. A su vez no presenta restricci\u00f3n para el c\u00f3mputo del Cr\u00e9dito Fiscal de cada Canon como tampoco la del Valor Residual, para este ultimo de no ser superior a los $ 20.000.- netos. (Convencionalmente computa solo hasta el IVA correspondiente a los $ 20.000.- netos)<br \/>Mejora los \u00edndices de Liquidez, Endeudamiento y Rentabilidad de los estados contables del TOMADOR (Cliente), dado que no se trata de una compra. (Es decir, no esta contrayendo deuda alguna)<\/li><li><strong>Impuesto a las ganancias:<\/strong> El Tomador podr\u00e1 computar el importe del alquiler o canon como gasto deducible de ganancia gravada, produciendo el efecto de una amortizaci\u00f3n acelerada en el plazo del Leasing. (Es decir, el pago del canon se computa como una gasto del 100%, lo deduce del pago del Impuesto a las Ganancias) En comparaci\u00f3n con un Cr\u00e9dito Prendario, el TOMADOR ahorra el pago del Impuesto sobre la Ganancia M\u00ednima Presunta, debido a que las operaciones de Leasing no est\u00e1n gravadas por dicho impuesto, que recae sobre el DADOR.<\/li><li><strong>Tasa de inter\u00e9s:<\/strong>\u00a0La Tasa de inter\u00e9s es FIJA durante todo el Contrato de Leasing.<br \/>SIN GASTOS DE OTORGAMIENTO.<\/li><li><strong>Moneda:<\/strong> La moneda por la que sea estable el Contrato de Leasing es PESOS.<\/li><li><strong>Plazo:<\/strong>\u00a0Desde 16 hasta 36 meses. El Valor Residual (si ejerce la Opci\u00f3n de Compra) se paga un mes despu\u00e9s del plazo del Contrato de Leasing.<\/li><\/ul><\/div><\/div><\/div><\/div><\/div><div class=\"wpb_column vc_column_container vc_col-sm-4 vc_col-has-fill\"><div class=\"vc_column-inner vc_custom_1498442396578\"><div class=\"wpb_wrapper\"><div class=\"wpb_text_column wpb_content_element \"><div class=\"wpb_wrapper\">\u00a0<\/div><\/div><\/div><\/div><\/div>\t\t\t\t\t\t\t\t<\/div>\n\t\t\t\t<\/div>\n\t\t<div class=\"elementor-element elementor-element-6ee387c e-flex e-con-boxed e-con e-child\" data-id=\"6ee387c\" data-element_type=\"container\" data-e-type=\"container\">\n\t\t\t\t\t<div class=\"e-con-inner\">\n\t\t<div class=\"elementor-element elementor-element-6a8efcd e-flex e-con-boxed e-con e-child\" data-id=\"6a8efcd\" data-element_type=\"container\" data-e-type=\"container\" data-settings=\"{&quot;background_background&quot;:&quot;classic&quot;}\">\n\t\t\t\t\t<div class=\"e-con-inner\">\n\t\t\t\t<div class=\"elementor-element elementor-element-9aa642e elementor-cta--skin-classic elementor-animated-content elementor-bg-transform elementor-bg-transform-zoom-in elementor-widget elementor-widget-call-to-action\" data-id=\"9aa642e\" data-element_type=\"widget\" data-e-type=\"widget\" data-widget_type=\"call-to-action.default\">\n\t\t\t\t<div class=\"elementor-widget-container\">\n\t\t\t\t\t\t\t<div class=\"elementor-cta\">\n\t\t\t\t\t\t\t<div class=\"elementor-cta__content\">\n\t\t\t\t\t\t\t\t\t<div class=\"elementor-content-item elementor-cta__content-item elementor-icon-wrapper elementor-cta__icon elementor-view-default\">\n\t\t\t\t\t\t<div class=\"elementor-icon\">\n\t\t\t\t\t\t\t<i aria-hidden=\"true\" class=\"icon icon-calculator\"><\/i>\t\t\t\t\t\t<\/div>\n\t\t\t\t\t<\/div>\n\t\t\t\t\n\t\t\t\t\t\t\t\t\t<h2 class=\"elementor-cta__title elementor-cta__content-item elementor-content-item\">\n\t\t\t\t\t\tSimul\u00e1 tu pr\u00e9stamo\t\t\t\t\t<\/h2>\n\t\t\t\t\n\t\t\t\t\t\t\t\t\t<div class=\"elementor-cta__description elementor-cta__content-item elementor-content-item\">\n\t\t\t\t\t\tEleg\u00ed el modelo y el mejor plan de financiaci\u00f3n para vos.\n\n\t\t\t\t\t<\/div>\n\t\t\t\t\n\t\t\t\t\t\t\t\t\t<div class=\"elementor-cta__button-wrapper elementor-cta__content-item elementor-content-item \">\n\t\t\t\t\t<a class=\"elementor-cta__button elementor-button elementor-size-\" href=\"https:\/\/www.tcfautos.com.ar\/#\/cotizador\/\" target=\"_blank\">\n\t\t\t\t\t\tIngresar\t\t\t\t\t<\/a>\n\t\t\t\t\t<\/div>\n\t\t\t\t\t\t\t<\/div>\n\t\t\t\t\t\t<\/div>\n\t\t\t\t\t\t<\/div>\n\t\t\t\t<\/div>\n\t\t\t\t\t<\/div>\n\t\t\t\t<\/div>\n\t\t<div class=\"elementor-element elementor-element-b392b48 e-flex e-con-boxed e-con e-child\" data-id=\"b392b48\" data-element_type=\"container\" data-e-type=\"container\" data-settings=\"{&quot;background_background&quot;:&quot;classic&quot;}\">\n\t\t\t\t\t<div class=\"e-con-inner\">\n\t\t\t\t<div class=\"elementor-element elementor-element-594c72b elementor-cta--skin-classic elementor-animated-content elementor-bg-transform elementor-bg-transform-zoom-in elementor-widget elementor-widget-call-to-action\" data-id=\"594c72b\" data-element_type=\"widget\" data-e-type=\"widget\" data-widget_type=\"call-to-action.default\">\n\t\t\t\t<div class=\"elementor-widget-container\">\n\t\t\t\t\t\t\t<div class=\"elementor-cta\">\n\t\t\t\t\t\t\t<div class=\"elementor-cta__content\">\n\t\t\t\t\t\t\t\t\t<div class=\"elementor-content-item elementor-cta__content-item elementor-icon-wrapper elementor-cta__icon elementor-view-default\">\n\t\t\t\t\t\t<div class=\"elementor-icon\">\n\t\t\t\t\t\t\t<i aria-hidden=\"true\" class=\"icon icon-dollar\"><\/i>\t\t\t\t\t\t<\/div>\n\t\t\t\t\t<\/div>\n\t\t\t\t\n\t\t\t\t\t\t\t\t\t<h2 class=\"elementor-cta__title elementor-cta__content-item elementor-content-item\">\n\t\t\t\t\t\tSolicit\u00e1 tu pr\u00e9stamo\t\t\t\t\t<\/h2>\n\t\t\t\t\n\t\t\t\t\t\t\t\t\t<div class=\"elementor-cta__description elementor-cta__content-item elementor-content-item\">\n\t\t\t\t\t\tEn pocos y simples pasos obten\u00e9 informaci\u00f3n en tu e-mail.\n\n\n\t\t\t\t\t<\/div>\n\t\t\t\t\n\t\t\t\t\t\t\t\t\t<div class=\"elementor-cta__button-wrapper elementor-cta__content-item elementor-content-item \">\n\t\t\t\t\t<a class=\"elementor-cta__button elementor-button elementor-size-\" href=\"https:\/\/www.tcfautos.com.ar\/#\/cotizador\/\">\n\t\t\t\t\t\tIngresar\t\t\t\t\t<\/a>\n\t\t\t\t\t<\/div>\n\t\t\t\t\t\t\t<\/div>\n\t\t\t\t\t\t<\/div>\n\t\t\t\t\t\t<\/div>\n\t\t\t\t<\/div>\n\t\t\t\t\t<\/div>\n\t\t\t\t<\/div>\n\t\t<div class=\"elementor-element elementor-element-870dbbd e-flex e-con-boxed e-con e-child\" data-id=\"870dbbd\" data-element_type=\"container\" data-e-type=\"container\" data-settings=\"{&quot;background_background&quot;:&quot;classic&quot;}\">\n\t\t\t\t\t<div class=\"e-con-inner\">\n\t\t\t\t<div class=\"elementor-element elementor-element-91ca55f elementor-cta--skin-classic elementor-animated-content elementor-bg-transform elementor-bg-transform-zoom-in elementor-widget elementor-widget-call-to-action\" data-id=\"91ca55f\" data-element_type=\"widget\" data-e-type=\"widget\" data-widget_type=\"call-to-action.default\">\n\t\t\t\t<div class=\"elementor-widget-container\">\n\t\t\t\t\t\t\t<div class=\"elementor-cta\">\n\t\t\t\t\t\t\t<div class=\"elementor-cta__content\">\n\t\t\t\t\t\t\t\t\t<div class=\"elementor-content-item elementor-cta__content-item elementor-icon-wrapper elementor-cta__icon elementor-view-default\">\n\t\t\t\t\t\t<div class=\"elementor-icon\">\n\t\t\t\t\t\t\t<i aria-hidden=\"true\" class=\"icon icon-mail\"><\/i>\t\t\t\t\t\t<\/div>\n\t\t\t\t\t<\/div>\n\t\t\t\t\n\t\t\t\t\t\t\t\t\t<h2 class=\"elementor-cta__title elementor-cta__content-item elementor-content-item\">\n\t\t\t\t\t\tSolicit\u00e1 tu seguro\t\t\t\t\t<\/h2>\n\t\t\t\t\n\t\t\t\t\t\t\t\t\t<div class=\"elementor-cta__description elementor-cta__content-item elementor-content-item\">\n\t\t\t\t\t\tComplet\u00e1 los datos para cotizar el seguro de tu auto\n\n\t\t\t\t\t<\/div>\n\t\t\t\t\n\t\t\t\t\t\t\t\t\t<div class=\"elementor-cta__button-wrapper elementor-cta__content-item elementor-content-item \">\n\t\t\t\t\t<a class=\"elementor-cta__button elementor-button elementor-size-\" href=\"https:\/\/www.toyotabroker.com.ar\/ToyotaSom\/\">\n\t\t\t\t\t\tIngresar\t\t\t\t\t<\/a>\n\t\t\t\t\t<\/div>\n\t\t\t\t\t\t\t<\/div>\n\t\t\t\t\t\t<\/div>\n\t\t\t\t\t\t<\/div>\n\t\t\t\t<\/div>\n\t\t\t\t\t<\/div>\n\t\t\t\t<\/div>\n\t\t\t\t\t<\/div>\n\t\t\t\t<\/div>\n\t\t\t\t\t<\/div>\n\t\t\t\t<\/div>\n\t\t\t\t\t<\/div>\n\t\t\t\t<\/div>\n\t\t\t\t\t<\/div>\n\t\t\t\t<\/div>\n\t\t\t\t<\/div>\n\t\t\t\t<\/div>\n\t\t","protected":false},"excerpt":{"rendered":"<p>LEASING Entre los principales beneficios del Leasing, cabe destacar la posibilidad de financiaci\u00f3n de hasta el 60% y 80% a personas f\u00edsicas y 100% a jur\u00eddicas del valor del veh\u00edculo. De esta manera, el empresario puede destinar esos recursos a financiar otros activos, optimizando el uso de capital de trabajo. Por otra parte, mejora los [&hellip;]<\/p>\n","protected":false},"author":1,"featured_media":0,"parent":0,"menu_order":0,"comment_status":"closed","ping_status":"closed","template":"","meta":{"_acf_changed":false,"footnotes":""},"class_list":["post-2763","page","type-page","status-publish","hentry"],"acf":[],"jetpack_sharing_enabled":true,"_links":{"self":[{"href":"https:\/\/homu.com.ar\/new\/wp-json\/wp\/v2\/pages\/2763","targetHints":{"allow":["GET"]}}],"collection":[{"href":"https:\/\/homu.com.ar\/new\/wp-json\/wp\/v2\/pages"}],"about":[{"href":"https:\/\/homu.com.ar\/new\/wp-json\/wp\/v2\/types\/page"}],"author":[{"embeddable":true,"href":"https:\/\/homu.com.ar\/new\/wp-json\/wp\/v2\/users\/1"}],"replies":[{"embeddable":true,"href":"https:\/\/homu.com.ar\/new\/wp-json\/wp\/v2\/comments?post=2763"}],"version-history":[{"count":46,"href":"https:\/\/homu.com.ar\/new\/wp-json\/wp\/v2\/pages\/2763\/revisions"}],"predecessor-version":[{"id":25416,"href":"https:\/\/homu.com.ar\/new\/wp-json\/wp\/v2\/pages\/2763\/revisions\/25416"}],"wp:attachment":[{"href":"https:\/\/homu.com.ar\/new\/wp-json\/wp\/v2\/media?parent=2763"}],"curies":[{"name":"wp","href":"https:\/\/api.w.org\/{rel}","templated":true}]}}