{"id":239,"date":"2023-07-25T11:27:00","date_gmt":"2023-07-25T14:27:00","guid":{"rendered":"https:\/\/homu.com.ar\/new\/?page_id=239"},"modified":"2025-09-26T17:49:40","modified_gmt":"2025-09-26T20:49:40","slug":"la-empresa","status":"publish","type":"page","link":"https:\/\/homu.com.ar\/new\/la-empresa\/","title":{"rendered":"La Empresa"},"content":{"rendered":"\t\t<div data-elementor-type=\"wp-page\" data-elementor-id=\"239\" class=\"elementor elementor-239\" data-elementor-post-type=\"page\">\n\t\t\t\t<div class=\"elementor-element elementor-element-c2604f8 e-flex e-con-boxed e-con e-parent\" data-id=\"c2604f8\" data-element_type=\"container\" data-e-type=\"container\">\n\t\t\t\t\t<div class=\"e-con-inner\">\n\t\t\t\t<div class=\"elementor-element elementor-element-bcbba88 elementor-widget elementor-widget-heading\" data-id=\"bcbba88\" data-element_type=\"widget\" data-e-type=\"widget\" data-widget_type=\"heading.default\">\n\t\t\t\t<div class=\"elementor-widget-container\">\n\t\t\t\t\t<h2 class=\"elementor-heading-title elementor-size-default\">LA EMPRESA<\/h2>\t\t\t\t<\/div>\n\t\t\t\t<\/div>\n\t\t\t\t\t<\/div>\n\t\t\t\t<\/div>\n\t\t<div class=\"elementor-element elementor-element-442ca96 e-flex e-con-boxed e-con e-parent\" data-id=\"442ca96\" data-element_type=\"container\" data-e-type=\"container\">\n\t\t\t\t\t<div class=\"e-con-inner\">\n\t\t\t\t<div class=\"elementor-element elementor-element-de982dd elementor-widget elementor-widget-image\" data-id=\"de982dd\" data-element_type=\"widget\" data-e-type=\"widget\" data-widget_type=\"image.default\">\n\t\t\t\t<div class=\"elementor-widget-container\">\n\t\t\t\t\t\t\t\t\t\t\t\t\t\t\t<img fetchpriority=\"high\" decoding=\"async\" width=\"1330\" height=\"718\" src=\"https:\/\/homu.com.ar\/new\/wp-content\/uploads\/2025\/09\/REPORTE-FOTO.jpg\" class=\"attachment-full size-full wp-image-25015\" alt=\"\" srcset=\"https:\/\/homu.com.ar\/new\/wp-content\/uploads\/2025\/09\/REPORTE-FOTO.jpg 1330w, https:\/\/homu.com.ar\/new\/wp-content\/uploads\/2025\/09\/REPORTE-FOTO-300x162.jpg 300w, https:\/\/homu.com.ar\/new\/wp-content\/uploads\/2025\/09\/REPORTE-FOTO-1024x553.jpg 1024w, https:\/\/homu.com.ar\/new\/wp-content\/uploads\/2025\/09\/REPORTE-FOTO-768x415.jpg 768w\" sizes=\"(max-width: 1330px) 100vw, 1330px\" \/>\t\t\t\t\t\t\t\t\t\t\t\t\t\t\t<\/div>\n\t\t\t\t<\/div>\n\t\t\t\t\t<\/div>\n\t\t\t\t<\/div>\n\t\t<div class=\"elementor-element elementor-element-8e4781c e-flex e-con-boxed e-con e-parent\" data-id=\"8e4781c\" data-element_type=\"container\" data-e-type=\"container\">\n\t\t\t\t\t<div class=\"e-con-inner\">\n\t\t<div class=\"elementor-element elementor-element-ee838ee e-flex e-con-boxed e-con e-child\" data-id=\"ee838ee\" data-element_type=\"container\" data-e-type=\"container\">\n\t\t\t\t\t<div class=\"e-con-inner\">\n\t\t\t\t<div class=\"elementor-element elementor-element-f2141f2 elementor-widget elementor-widget-text-editor\" data-id=\"f2141f2\" data-element_type=\"widget\" data-e-type=\"widget\" data-widget_type=\"text-editor.default\">\n\t\t\t\t<div class=\"elementor-widget-container\">\n\t\t\t\t\t\t\t\t\t<p>Nuestra empresa, ubicada en Formosa Capital, es el Concesionario Oficial Toyota para la Provincia de Formosa desde el a\u00f1o 2013; despu\u00e9s de casi dos a\u00f1os de edificaci\u00f3n abrimos al p\u00fablico en el 2015, con un plantel de personas plenamente capacitadas y listas para el desaf\u00edo de representar a una marca tan prestigiosa. Nuestras instalaciones comprenden m\u00e1s de 5.000 mts2 incluyendo un Showroom de Veh\u00edculos 0KM y el \u00e1rea de Posventa, compuesta por Servicios y Venta de Repuestos y Accesorios genuinos.<\/p><p>Nuestro nombre, Homu, lo elegimos porque en japon\u00e9s significa casa. Desde un principio nuestra misi\u00f3n fue que quienes nos visiten se sientan como en su casa y esta premisa se convirti\u00f3 en nuestra raz\u00f3n de ser.<\/p><p><strong>Por cualquier inquietud podes dirigirte a nuestra l\u00ednea \u00e9tica:\u00a0etica@homu.com.ar<\/strong><\/p>\t\t\t\t\t\t\t\t<\/div>\n\t\t\t\t<\/div>\n\t\t\t\t\t<\/div>\n\t\t\t\t<\/div>\n\t\t<div class=\"elementor-element elementor-element-ac51337 e-flex e-con-boxed e-con e-child\" data-id=\"ac51337\" data-element_type=\"container\" data-e-type=\"container\">\n\t\t\t\t\t<div class=\"e-con-inner\">\n\t\t\t\t<div class=\"elementor-element elementor-element-5c52cbb elementor-widget elementor-widget-text-editor\" data-id=\"5c52cbb\" data-element_type=\"widget\" data-e-type=\"widget\" data-widget_type=\"text-editor.default\">\n\t\t\t\t<div class=\"elementor-widget-container\">\n\t\t\t\t\t\t\t\t\t<p>Estamos comprometidos en brindar a cada cliente una experiencia \u00fanica en la compra de su 0KM como en el servicio de mantenimiento y reparaci\u00f3n de su veh\u00edculo, excediendo sus expectativas mediante la mejora continua de nuestros procesos, la capacitaci\u00f3n constante y con el mayor confort en nuestras instalaciones.<\/p><p>Mediante la formaci\u00f3n constante de nuestros recursos humanos buscamos lograr el nivel de satisfacci\u00f3n que los clientes se merecen, fomentando valores como el trabajo en equipo, la honestidad y la actitud de servicio, potenciando el talento de cada uno para ser una empresa de primer nivel.<\/p><p>En nombre de todos los que contribuimos para conformar este concesionario queremos darle las gracias por confiar en nosotros para hacer realidad sus sue\u00f1os del auto 0km y permitirnos cuidar su veh\u00edculo, que es nuestra manera de cuidarlo a usted y a su familia.<\/p><p><b>Bienvenido al C<\/b><b>oncesionario Oficial\u00a0<\/b><b>Toyota, HOMU S.A.<\/b><\/p>\t\t\t\t\t\t\t\t<\/div>\n\t\t\t\t<\/div>\n\t\t\t\t\t<\/div>\n\t\t\t\t<\/div>\n\t\t\t\t\t<\/div>\n\t\t\t\t<\/div>\n\t\t<div class=\"elementor-element elementor-element-80a1194 e-flex e-con-boxed e-con e-parent\" data-id=\"80a1194\" data-element_type=\"container\" data-e-type=\"container\">\n\t\t\t\t\t<div class=\"e-con-inner\">\n\t\t\t\t<div class=\"elementor-element elementor-element-c509add elementor-cta--skin-cover elementor-cta--sequenced-animation elementor-animated-content elementor-bg-transform elementor-bg-transform-zoom-in elementor-widget elementor-widget-call-to-action\" data-id=\"c509add\" data-element_type=\"widget\" data-e-type=\"widget\" data-widget_type=\"call-to-action.default\">\n\t\t\t\t<div class=\"elementor-widget-container\">\n\t\t\t\t\t\t\t<div class=\"elementor-cta\">\n\t\t\t\t\t<div class=\"elementor-cta__bg-wrapper\">\n\t\t\t\t<div class=\"elementor-cta__bg elementor-bg\" style=\"background-image: url(https:\/\/homu.com.ar\/new\/wp-content\/uploads\/2023\/07\/Scene-2-1024x683.jpg);\" role=\"img\" aria-label=\"Scene-2\"><\/div>\n\t\t\t\t<div class=\"elementor-cta__bg-overlay\"><\/div>\n\t\t\t<\/div>\n\t\t\t\t\t\t\t<div class=\"elementor-cta__content\">\n\t\t\t\t\n\t\t\t\t\t\t\t\t\t<h2 class=\"elementor-cta__title elementor-cta__content-item elementor-content-item elementor-animated-item--grow\">\n\t\t\t\t\t\tMir\u00e1 nuestro Informe de Sustentabilidad 2025\t\t\t\t\t<\/h2>\n\t\t\t\t\n\t\t\t\t\n\t\t\t\t\t\t\t\t\t<div class=\"elementor-cta__button-wrapper elementor-cta__content-item elementor-content-item elementor-animated-item--grow\">\n\t\t\t\t\t<a class=\"elementor-cta__button elementor-button elementor-size-\" href=\"https:\/\/homu.com.ar\/new\/3d-flip-book\/reporte-sustentabilidad-2025\/\" target=\"_blank\">\n\t\t\t\t\t\tVer Informe\t\t\t\t\t<\/a>\n\t\t\t\t\t<\/div>\n\t\t\t\t\t\t\t<\/div>\n\t\t\t\t\t\t<\/div>\n\t\t\t\t\t\t<\/div>\n\t\t\t\t<\/div>\n\t\t\t\t\t<\/div>\n\t\t\t\t<\/div>\n\t\t<div class=\"elementor-element elementor-element-de34147 e-flex e-con-boxed e-con e-parent\" data-id=\"de34147\" data-element_type=\"container\" data-e-type=\"container\" data-settings=\"{&quot;background_background&quot;:&quot;classic&quot;}\">\n\t\t\t\t\t<div class=\"e-con-inner\">\n\t\t\t\t<div class=\"elementor-element elementor-element-006c177 elementor-widget elementor-widget-heading\" data-id=\"006c177\" data-element_type=\"widget\" data-e-type=\"widget\" data-widget_type=\"heading.default\">\n\t\t\t\t<div class=\"elementor-widget-container\">\n\t\t\t\t\t<h2 class=\"elementor-heading-title elementor-size-default\">MISI\u00d3N, VISI\u00d3N Y VALORES<\/h2>\t\t\t\t<\/div>\n\t\t\t\t<\/div>\n\t\t\t\t\t<\/div>\n\t\t\t\t<\/div>\n\t\t<div class=\"elementor-element elementor-element-380bae3 e-flex e-con-boxed e-con e-parent\" data-id=\"380bae3\" data-element_type=\"container\" data-e-type=\"container\" data-settings=\"{&quot;background_background&quot;:&quot;classic&quot;}\">\n\t\t\t\t\t<div class=\"e-con-inner\">\n\t\t<div class=\"elementor-element elementor-element-6609883 e-flex e-con-boxed e-con e-child\" data-id=\"6609883\" data-element_type=\"container\" data-e-type=\"container\">\n\t\t\t\t\t<div class=\"e-con-inner\">\n\t\t\t\t<div class=\"elementor-element elementor-element-6f16746 elementor-widget elementor-widget-text-editor\" data-id=\"6f16746\" data-element_type=\"widget\" data-e-type=\"widget\" data-widget_type=\"text-editor.default\">\n\t\t\t\t<div class=\"elementor-widget-container\">\n\t\t\t\t\t\t\t\t\t<h3><span style=\"color: #ff0000;\">MISION<\/span><\/h3><p>Abastecer una amplia gama de productos y servicios a los clientes creando una experiencia \u00fanica en cada visita, brindando una atenci\u00f3n de excelencia sujeta a sus necesidades y cumpliendo con los est\u00e1ndares de calidad de la terminal automotriz, con personal competente comprometido con la mejora continua, el medio ambiente y la responsabilidad social.<\/p><h3><span style=\"color: #ff0000;\">VISI\u00d3N<\/span><\/h3><p>Aspiramos a ser uno de los mejores concesionarios del pa\u00eds, mejorando continuamente nuestros procesos, respaldados en las fortalezas de la<br \/>marca.<\/p>\t\t\t\t\t\t\t\t<\/div>\n\t\t\t\t<\/div>\n\t\t\t\t\t<\/div>\n\t\t\t\t<\/div>\n\t\t<div class=\"elementor-element elementor-element-f6deb9f e-flex e-con-boxed e-con e-child\" data-id=\"f6deb9f\" data-element_type=\"container\" data-e-type=\"container\">\n\t\t\t\t\t<div class=\"e-con-inner\">\n\t\t\t\t<div class=\"elementor-element elementor-element-0f25fb2 elementor-widget elementor-widget-text-editor\" data-id=\"0f25fb2\" data-element_type=\"widget\" data-e-type=\"widget\" data-widget_type=\"text-editor.default\">\n\t\t\t\t<div class=\"elementor-widget-container\">\n\t\t\t\t\t\t\t\t\t<h3><span style=\"color: #ff0000;\">VALORES<\/span><\/h3><p><strong>CONFIANZA<\/strong><br \/>Actuamos con responsabilidad y honestidad en cada operaci\u00f3n para merecer la confianza y lealtad de los clientes, colaboradores y proveedores.<\/p><p><strong>COMPROMISO CON EL CLIENTE<\/strong><br \/>Garantizamos a nuestros clientes que obtendr\u00e1 en cada uno de nuestros<br \/>procesos la calidad que caracteriza a la marca, ofreciendo soluciones<br \/>que excedan sus expectativas.<\/p><p><strong>RESPONSABILIDAD<\/strong><br \/>Cumplimos los compromisos asumidos, transmitiendo seguridad a nuestros clientes.<\/p><p><strong>INTEGRIDAD<\/strong><br \/>Actuamos con transparencia para generar relaciones de largo plazo.<\/p>\t\t\t\t\t\t\t\t<\/div>\n\t\t\t\t<\/div>\n\t\t\t\t\t<\/div>\n\t\t\t\t<\/div>\n\t\t\t\t\t<\/div>\n\t\t\t\t<\/div>\n\t\t<div class=\"elementor-element elementor-element-b7fbde3 e-flex e-con-boxed e-con e-parent\" data-id=\"b7fbde3\" data-element_type=\"container\" data-e-type=\"container\">\n\t\t\t\t\t<div class=\"e-con-inner\">\n\t\t\t\t<div class=\"elementor-element elementor-element-f515ac9 elementor-widget elementor-widget-heading\" data-id=\"f515ac9\" data-element_type=\"widget\" data-e-type=\"widget\" data-widget_type=\"heading.default\">\n\t\t\t\t<div class=\"elementor-widget-container\">\n\t\t\t\t\t<h2 class=\"elementor-heading-title elementor-size-default\">POL\u00cdTICA HOMU<\/h2>\t\t\t\t<\/div>\n\t\t\t\t<\/div>\n\t\t\t\t\t<\/div>\n\t\t\t\t<\/div>\n\t\t<div class=\"elementor-element elementor-element-02c2ec6 e-flex e-con-boxed e-con e-parent\" data-id=\"02c2ec6\" data-element_type=\"container\" data-e-type=\"container\">\n\t\t\t\t\t<div class=\"e-con-inner\">\n\t\t\t\t<div class=\"elementor-element elementor-element-03b187c elementor-widget elementor-widget-text-editor\" data-id=\"03b187c\" data-element_type=\"widget\" data-e-type=\"widget\" data-widget_type=\"text-editor.default\">\n\t\t\t\t<div class=\"elementor-widget-container\">\n\t\t\t\t\t\t\t\t\t<div class=\"wpb_text_column wpb_content_element \"><div class=\"wpb_wrapper\"><div class=\"m_-6715497341639181223gmail-carpetas m_-6715497341639181223gmail-clearfix\"><div class=\"m_-6715497341639181223gmail-col-xs-8\"><div class=\"page\" title=\"Page 1\"><div class=\"layoutArea\"><div class=\"column\"><p><strong>Declaraci\u00f3n de la Pol\u00edtica de Calidad, Protecci\u00f3n del Ambiental y Seguridad y Salud en el Trabajo<\/strong><\/p><p>La empresa HOMU S.A., Concesionaria Oficial TOYOTA para la Provincia de Formosa, asume el compromiso de asegurar su gesti\u00f3n de calidad en todos los productos y servicios brindados, colaborando en la Protecci\u00f3n del Ambiente, y garantizando la Seguridad y Salud en el Trabajo del personal propio, contratistas e interesados en general.<\/p><p><strong>Para cumplir la Pol\u00edtica, la empresa se compromete a:<\/strong><\/p><p>&#8211; Promover y liderar programas de Control de Calidad, de Protecci\u00f3n del Ambiente y de Seguridad y Salud en el Trabajo, destinando los recursos necesarios y brindando las condiciones de trabajo para que todos sus procesos sean planificados, ejecutados, controlados y mejorados continuamente.<\/p><p>&#8211;<span class=\"gmail-Apple-converted-space\">\u00a0<\/span>Capacitar y comprometer a todo el personal en el cumplimiento de esta pol\u00edtica.<\/p><p>&#8211;<span class=\"gmail-Apple-converted-space\">\u00a0<\/span>Asegurar el cumplimiento de las obligaciones legales vigentes, adoptando est\u00e1ndares adecuados en los casos de ausencia de normativas aplicables.<\/p><p>&#8211;<span class=\"gmail-Apple-converted-space\">\u00a0<\/span>Promover una cultura de mejora continua, midiendo y evaluando el desempe\u00f1o en Calidad, Protecci\u00f3n del Ambiente y Seguridad y Salud en el Trabajo, mediante el establecimiento, difusi\u00f3n y revisi\u00f3n de los objetivos.<\/p><p>&#8211;<span class=\"gmail-Apple-converted-space\">\u00a0<\/span>Asegurar el cumplimiento de las obligaciones de Compliance adoptadas por Homu, teniendo en cuenta los est\u00e1ndares proporcionados por Toyota para su red de concesionarios oficiales.<\/p><p>&#8211;<span class=\"gmail-Apple-converted-space\">\u00a0<\/span>Minimizar el impacto sobre el ambiente mediante la prevenci\u00f3n de la contaminaci\u00f3n, haciendo un uso racional de los recursos naturales, reduciendo las emisiones y realizando una adecuada gesti\u00f3n de los residuos.<\/p><p>&#8211;<span class=\"gmail-Apple-converted-space\">\u00a0<\/span>Proporcionar condiciones de trabajo seguras para la prevenci\u00f3n de lesiones y deterioro de la salud relacionado con el trabajo, minimizando peligros y reduciendo riesgos.<\/p><p>&#8211;<span class=\"gmail-Apple-converted-space\">\u00a0<\/span>Contar con planes de respuesta ante emergencias, para actuar en forma r\u00e1pida y eficaz, minimizando sus consecuencias.<\/p><p>&#8211;<span class=\"gmail-Apple-converted-space\">\u00a0<\/span>Comprometer a sus proveedores y contratistas en el cumplimiento de los requisitos aplicables en Calidad, Protecci\u00f3n del Ambiente y Seguridad y Salud en el Trabajo.<\/p><p>&#8211;<span class=\"gmail-Apple-converted-space\">\u00a0<\/span>Mantener canales de comunicaci\u00f3n accesibles y transparentes para consulta y participaci\u00f3n, con las partes interesadas.<\/p><p>&#8211;<span class=\"gmail-Apple-converted-space\">\u00a0<\/span>Promover acciones de ESG en la organizaci\u00f3n, contribuyendo con proyectos y alianzas que involucren a la comunidad local o al p\u00fablico de inter\u00e9s determinado.<\/p><p>Comprender, cumplir y difundir esta pol\u00edtica es responsabilidad de todas las personas que formamos parte de Homu S.A.<\/p><\/div><\/div><\/div><\/div><\/div><\/div><\/div>\t\t\t\t\t\t\t\t<\/div>\n\t\t\t\t<\/div>\n\t\t\t\t\t<\/div>\n\t\t\t\t<\/div>\n\t\t<div class=\"elementor-element elementor-element-6fc0af5 e-flex e-con-boxed e-con e-parent\" data-id=\"6fc0af5\" data-element_type=\"container\" data-e-type=\"container\" data-settings=\"{&quot;background_background&quot;:&quot;classic&quot;}\">\n\t\t\t\t\t<div class=\"e-con-inner\">\n\t\t\t\t<div class=\"elementor-element elementor-element-1cf60a7 elementor-widget elementor-widget-heading\" data-id=\"1cf60a7\" data-element_type=\"widget\" data-e-type=\"widget\" data-widget_type=\"heading.default\">\n\t\t\t\t<div class=\"elementor-widget-container\">\n\t\t\t\t\t<h2 class=\"elementor-heading-title elementor-size-default\">TOYOTA WAY<\/h2>\t\t\t\t<\/div>\n\t\t\t\t<\/div>\n\t\t\t\t<div class=\"elementor-element elementor-element-64af2e5 elementor-widget elementor-widget-text-editor\" data-id=\"64af2e5\" data-element_type=\"widget\" data-e-type=\"widget\" data-widget_type=\"text-editor.default\">\n\t\t\t\t<div class=\"elementor-widget-container\">\n\t\t\t\t\t\t\t\t\t<p style=\"text-align: center;\">Expresa las Creencias y Valores compartidos por Toyota a nivel global.<br \/>Esta basado en la Gu\u00eda de Principios de Toyota, la cual define la misi\u00f3n como compa\u00f1\u00eda y los valores que alientan la construcci\u00f3n de una cultura corporativa que garantiza un esp\u00edritu com\u00fan y un modo de ser u actuar en todas las filiales.<br \/>El Toyota Way se sostiene en dos pilares fundamentales: La Mejora Continua y Respeto por la Gente.<br \/>Juntos, definen la manera en que las personas tratan a los dem\u00e1s y la manera en que realizan su trabajo.<\/p>\t\t\t\t\t\t\t\t<\/div>\n\t\t\t\t<\/div>\n\t\t\t\t<div class=\"elementor-element elementor-element-a8fd9af elementor-widget elementor-widget-image\" data-id=\"a8fd9af\" data-element_type=\"widget\" data-e-type=\"widget\" data-widget_type=\"image.default\">\n\t\t\t\t<div class=\"elementor-widget-container\">\n\t\t\t\t\t\t\t\t\t\t\t\t\t\t\t<img decoding=\"async\" width=\"700\" height=\"421\" src=\"https:\/\/homu.com.ar\/new\/wp-content\/uploads\/2023\/07\/casa-homu22.png\" class=\"attachment-large size-large wp-image-314\" alt=\"\" srcset=\"https:\/\/homu.com.ar\/new\/wp-content\/uploads\/2023\/07\/casa-homu22.png 700w, https:\/\/homu.com.ar\/new\/wp-content\/uploads\/2023\/07\/casa-homu22-300x180.png 300w\" sizes=\"(max-width: 700px) 100vw, 700px\" \/>\t\t\t\t\t\t\t\t\t\t\t\t\t\t\t<\/div>\n\t\t\t\t<\/div>\n\t\t\t\t\t<\/div>\n\t\t\t\t<\/div>\n\t\t\t\t<\/div>\n\t\t","protected":false},"excerpt":{"rendered":"<p>LA EMPRESA Nuestra empresa, ubicada en Formosa Capital, es el Concesionario Oficial Toyota para la Provincia de Formosa desde el a\u00f1o 2013; despu\u00e9s de casi dos a\u00f1os de edificaci\u00f3n abrimos al p\u00fablico en el 2015, con un plantel de personas plenamente capacitadas y listas para el desaf\u00edo de representar a una marca tan prestigiosa. Nuestras [&hellip;]<\/p>\n","protected":false},"author":1,"featured_media":0,"parent":0,"menu_order":0,"comment_status":"closed","ping_status":"closed","template":"","meta":{"_acf_changed":false,"footnotes":""},"class_list":["post-239","page","type-page","status-publish","hentry"],"acf":[],"jetpack_sharing_enabled":true,"_links":{"self":[{"href":"https:\/\/homu.com.ar\/new\/wp-json\/wp\/v2\/pages\/239","targetHints":{"allow":["GET"]}}],"collection":[{"href":"https:\/\/homu.com.ar\/new\/wp-json\/wp\/v2\/pages"}],"about":[{"href":"https:\/\/homu.com.ar\/new\/wp-json\/wp\/v2\/types\/page"}],"author":[{"embeddable":true,"href":"https:\/\/homu.com.ar\/new\/wp-json\/wp\/v2\/users\/1"}],"replies":[{"embeddable":true,"href":"https:\/\/homu.com.ar\/new\/wp-json\/wp\/v2\/comments?post=239"}],"version-history":[{"count":76,"href":"https:\/\/homu.com.ar\/new\/wp-json\/wp\/v2\/pages\/239\/revisions"}],"predecessor-version":[{"id":25136,"href":"https:\/\/homu.com.ar\/new\/wp-json\/wp\/v2\/pages\/239\/revisions\/25136"}],"wp:attachment":[{"href":"https:\/\/homu.com.ar\/new\/wp-json\/wp\/v2\/media?parent=239"}],"curies":[{"name":"wp","href":"https:\/\/api.w.org\/{rel}","templated":true}]}}