{"id":22279,"date":"2025-04-09T10:27:05","date_gmt":"2025-04-09T13:27:05","guid":{"rendered":"https:\/\/homu.com.ar\/new\/?page_id=22279"},"modified":"2025-08-27T14:49:50","modified_gmt":"2025-08-27T17:49:50","slug":"toyota-app","status":"publish","type":"page","link":"https:\/\/homu.com.ar\/new\/toyota-app\/","title":{"rendered":"Toyota App"},"content":{"rendered":"\t\t<div data-elementor-type=\"wp-page\" data-elementor-id=\"22279\" class=\"elementor elementor-22279\" data-elementor-post-type=\"page\">\n\t\t\t\t<div class=\"elementor-element elementor-element-64c7337 e-flex e-con-boxed e-con e-parent\" data-id=\"64c7337\" data-element_type=\"container\" data-e-type=\"container\" data-settings=\"{&quot;background_background&quot;:&quot;classic&quot;}\">\n\t\t\t\t\t<div class=\"e-con-inner\">\n\t\t\t\t<div class=\"elementor-element elementor-element-051d8e0 elementor-widget elementor-widget-spacer\" data-id=\"051d8e0\" data-element_type=\"widget\" data-e-type=\"widget\" data-widget_type=\"spacer.default\">\n\t\t\t\t<div class=\"elementor-widget-container\">\n\t\t\t\t\t\t\t<div class=\"elementor-spacer\">\n\t\t\t<div class=\"elementor-spacer-inner\"><\/div>\n\t\t<\/div>\n\t\t\t\t\t\t<\/div>\n\t\t\t\t<\/div>\n\t\t\t\t<div class=\"elementor-element elementor-element-55dc90a elementor-widget__width-initial elementor-widget elementor-widget-heading\" data-id=\"55dc90a\" data-element_type=\"widget\" data-e-type=\"widget\" data-widget_type=\"heading.default\">\n\t\t\t\t<div class=\"elementor-widget-container\">\n\t\t\t\t\t<h4 class=\"elementor-heading-title elementor-size-default\">NUEVA APP TOYOTA<\/h4>\t\t\t\t<\/div>\n\t\t\t\t<\/div>\n\t\t\t\t<div class=\"elementor-element elementor-element-e45256f elementor-widget__width-initial elementor-widget elementor-widget-text-editor\" data-id=\"e45256f\" data-element_type=\"widget\" data-e-type=\"widget\" data-widget_type=\"text-editor.default\">\n\t\t\t\t<div class=\"elementor-widget-container\">\n\t\t\t\t\t\t\t\t\t<p>Conectate con todo lo que te mueve<\/p>\t\t\t\t\t\t\t\t<\/div>\n\t\t\t\t<\/div>\n\t\t\t\t<div class=\"elementor-element elementor-element-de9ec63 elementor-widget elementor-widget-button\" data-id=\"de9ec63\" data-element_type=\"widget\" data-e-type=\"widget\" data-widget_type=\"button.default\">\n\t\t\t\t<div class=\"elementor-widget-container\">\n\t\t\t\t\t\t\t\t\t<div class=\"elementor-button-wrapper\">\n\t\t\t\t\t<a class=\"elementor-button elementor-button-link elementor-size-sm\" href=\"https:\/\/play.google.com\/store\/apps\/details?id=com.toyotaargentina.oneapp&#038;pli=1\">\n\t\t\t\t\t\t<span class=\"elementor-button-content-wrapper\">\n\t\t\t\t\t\t\t\t\t<span class=\"elementor-button-text\">DESCARGAR<\/span>\n\t\t\t\t\t<\/span>\n\t\t\t\t\t<\/a>\n\t\t\t\t<\/div>\n\t\t\t\t\t\t\t\t<\/div>\n\t\t\t\t<\/div>\n\t\t\t\t\t<\/div>\n\t\t\t\t<\/div>\n\t\t<div class=\"elementor-element elementor-element-3bca385 e-con-full e-flex e-con e-parent\" data-id=\"3bca385\" data-element_type=\"container\" data-e-type=\"container\" data-settings=\"{&quot;background_background&quot;:&quot;classic&quot;,&quot;sticky&quot;:&quot;top&quot;,&quot;sticky_on&quot;:[&quot;desktop&quot;,&quot;tablet&quot;,&quot;mobile&quot;],&quot;sticky_offset&quot;:0,&quot;sticky_effects_offset&quot;:0,&quot;sticky_anchor_link_offset&quot;:0}\">\n\t\t\t\t<div class=\"elementor-element elementor-element-a534946 elementor-nav-menu--dropdown-none custom-menu elementor-widget elementor-widget-nav-menu\" data-id=\"a534946\" data-element_type=\"widget\" data-e-type=\"widget\" data-settings=\"{&quot;layout&quot;:&quot;horizontal&quot;,&quot;submenu_icon&quot;:{&quot;value&quot;:&quot;&lt;svg class=\\&quot;e-font-icon-svg e-fas-caret-down\\&quot; viewBox=\\&quot;0 0 320 512\\&quot; xmlns=\\&quot;http:\\\/\\\/www.w3.org\\\/2000\\\/svg\\&quot;&gt;&lt;path d=\\&quot;M31.3 192h257.3c17.8 0 26.7 21.5 14.1 34.1L174.1 354.8c-7.8 7.8-20.5 7.8-28.3 0L17.2 226.1C4.6 213.5 13.5 192 31.3 192z\\&quot;&gt;&lt;\\\/path&gt;&lt;\\\/svg&gt;&quot;,&quot;library&quot;:&quot;fa-solid&quot;}}\" data-widget_type=\"nav-menu.default\">\n\t\t\t\t<div class=\"elementor-widget-container\">\n\t\t\t\t\t\t\t\t<nav aria-label=\"Menu\" class=\"elementor-nav-menu--main elementor-nav-menu__container elementor-nav-menu--layout-horizontal e--pointer-none\">\n\t\t\t\t<ul id=\"menu-1-a534946\" class=\"elementor-nav-menu\"><li class=\"menu-conectados menu-item menu-item-type-custom menu-item-object-custom menu-item-22282\"><a href=\"https:\/\/homu.com.ar\/new\/toyota-app\/\" class=\"elementor-item\">Toyota App<\/a><\/li>\n<li class=\"menu-conectados menu-item menu-item-type-custom menu-item-object-custom menu-item-22281\"><a href=\"https:\/\/homu.com.ar\/new\/conectado\/\" class=\"elementor-item\">Servicios Conectados<\/a><\/li>\n<\/ul>\t\t\t<\/nav>\n\t\t\t\t\t\t<nav class=\"elementor-nav-menu--dropdown elementor-nav-menu__container\" aria-hidden=\"true\">\n\t\t\t\t<ul id=\"menu-2-a534946\" class=\"elementor-nav-menu\"><li class=\"menu-conectados menu-item menu-item-type-custom menu-item-object-custom menu-item-22282\"><a href=\"https:\/\/homu.com.ar\/new\/toyota-app\/\" class=\"elementor-item\" tabindex=\"-1\">Toyota App<\/a><\/li>\n<li class=\"menu-conectados menu-item menu-item-type-custom menu-item-object-custom menu-item-22281\"><a href=\"https:\/\/homu.com.ar\/new\/conectado\/\" class=\"elementor-item\" tabindex=\"-1\">Servicios Conectados<\/a><\/li>\n<\/ul>\t\t\t<\/nav>\n\t\t\t\t\t\t<\/div>\n\t\t\t\t<\/div>\n\t\t\t\t<\/div>\n\t\t<div class=\"elementor-element elementor-element-edb9f5c e-flex e-con-boxed e-con e-parent\" data-id=\"edb9f5c\" data-element_type=\"container\" data-e-type=\"container\">\n\t\t\t\t\t<div class=\"e-con-inner\">\n\t\t<div class=\"elementor-element elementor-element-3006e65 e-con-full e-flex e-con e-child\" data-id=\"3006e65\" data-element_type=\"container\" data-e-type=\"container\">\n\t\t\t\t<div class=\"elementor-element elementor-element-5a88e10 elementor-widget__width-initial elementor-widget elementor-widget-image\" data-id=\"5a88e10\" data-element_type=\"widget\" data-e-type=\"widget\" data-widget_type=\"image.default\">\n\t\t\t\t<div class=\"elementor-widget-container\">\n\t\t\t\t\t\t\t\t\t\t\t\t\t\t\t<img fetchpriority=\"high\" decoding=\"async\" width=\"571\" height=\"280\" src=\"https:\/\/homu.com.ar\/new\/wp-content\/uploads\/2025\/04\/4ff9cac8-9d3c-44bb-9bca-39a4a5a393b8.jpeg\" class=\"attachment-2048x2048 size-2048x2048 wp-image-22284\" alt=\"\" srcset=\"https:\/\/homu.com.ar\/new\/wp-content\/uploads\/2025\/04\/4ff9cac8-9d3c-44bb-9bca-39a4a5a393b8.jpeg 571w, https:\/\/homu.com.ar\/new\/wp-content\/uploads\/2025\/04\/4ff9cac8-9d3c-44bb-9bca-39a4a5a393b8-300x147.jpeg 300w\" sizes=\"(max-width: 571px) 100vw, 571px\" \/>\t\t\t\t\t\t\t\t\t\t\t\t\t\t\t<\/div>\n\t\t\t\t<\/div>\n\t\t\t\t<\/div>\n\t\t<div class=\"elementor-element elementor-element-4f50a04 e-con-full e-flex e-con e-child\" data-id=\"4f50a04\" data-element_type=\"container\" data-e-type=\"container\">\n\t\t\t\t<div class=\"elementor-element elementor-element-8de93f3 elementor-widget elementor-widget-text-editor\" data-id=\"8de93f3\" data-element_type=\"widget\" data-e-type=\"widget\" data-widget_type=\"text-editor.default\">\n\t\t\t\t<div class=\"elementor-widget-container\">\n\t\t\t\t\t\t\t\t\t<p class=\"block2-one-fleet-text\">ACCED\u00c9 A LA APP OFICIAL<\/p>\t\t\t\t\t\t\t\t<\/div>\n\t\t\t\t<\/div>\n\t\t\t\t<div class=\"elementor-element elementor-element-dc7c7e3 elementor-widget elementor-widget-text-editor\" data-id=\"dc7c7e3\" data-element_type=\"widget\" data-e-type=\"widget\" data-widget_type=\"text-editor.default\">\n\t\t\t\t<div class=\"elementor-widget-container\">\n\t\t\t\t\t\t\t\t\t<p class=\"block2-one-fleet-text\">Para mejorar la experiencia con Toyota y descubrir todas las soluciones de movilidad. Conectate desde donde est\u00e9s para agendar tu turno de servicio, visualizar informaci\u00f3n clave de tus planes de ahorro, descargar los cupones de pago y mucho m\u00e1s.<\/p>\t\t\t\t\t\t\t\t<\/div>\n\t\t\t\t<\/div>\n\t\t\t\t<\/div>\n\t\t\t\t\t<\/div>\n\t\t\t\t<\/div>\n\t\t<div class=\"elementor-element elementor-element-c0d39cf e-con-full e-flex e-con e-parent\" data-id=\"c0d39cf\" data-element_type=\"container\" data-e-type=\"container\">\n\t\t\t\t<div class=\"elementor-element elementor-element-941066e elementor-pagination-position-inside elementor-pagination-type-bullets elementor-arrows-position-inside elementor-widget elementor-widget-n-carousel\" data-id=\"941066e\" data-element_type=\"widget\" data-e-type=\"widget\" data-settings=\"{&quot;carousel_items&quot;:[{&quot;slide_title&quot;:&quot;Slide #1&quot;,&quot;_id&quot;:&quot;50d3cec&quot;},{&quot;slide_title&quot;:&quot;Accede&quot;,&quot;_id&quot;:&quot;6d1af19&quot;},{&quot;slide_title&quot;:&quot;Descubri&quot;,&quot;_id&quot;:&quot;b15007e&quot;},{&quot;slide_title&quot;:&quot;Encontra&quot;,&quot;_id&quot;:&quot;d8d30fc&quot;}],&quot;slides_to_show&quot;:&quot;1&quot;,&quot;slides_to_show_tablet&quot;:&quot;1&quot;,&quot;slides_to_show_mobile&quot;:&quot;1&quot;,&quot;autoplay&quot;:&quot;yes&quot;,&quot;autoplay_speed&quot;:5000,&quot;pause_on_hover&quot;:&quot;yes&quot;,&quot;pause_on_interaction&quot;:&quot;yes&quot;,&quot;infinite&quot;:&quot;yes&quot;,&quot;speed&quot;:500,&quot;offset_sides&quot;:&quot;none&quot;,&quot;arrows&quot;:&quot;yes&quot;,&quot;pagination&quot;:&quot;bullets&quot;,&quot;image_spacing_custom&quot;:{&quot;unit&quot;:&quot;px&quot;,&quot;size&quot;:10,&quot;sizes&quot;:[]},&quot;image_spacing_custom_tablet&quot;:{&quot;unit&quot;:&quot;px&quot;,&quot;size&quot;:&quot;&quot;,&quot;sizes&quot;:[]},&quot;image_spacing_custom_mobile&quot;:{&quot;unit&quot;:&quot;px&quot;,&quot;size&quot;:&quot;&quot;,&quot;sizes&quot;:[]}}\" data-widget_type=\"nested-carousel.default\">\n\t\t\t\t<div class=\"elementor-widget-container\">\n\t\t\t\t\t\t\t<div class=\"e-n-carousel swiper\" role=\"region\" aria-roledescription=\"carousel\" aria-label=\"Carousel\" dir=\"ltr\">\n\t\t\t<div class=\"swiper-wrapper\" aria-live=\"off\">\n\t\t\t\t\t\t\t\t\t\t<div class=\"swiper-slide\" data-slide=\"1\" role=\"group\" aria-roledescription=\"slide\" aria-label=\"1 of 4\">\n\t\t\t\t\t\t\t<div class=\"elementor-element elementor-element-42955a2 e-con-full e-flex e-con e-child\" data-id=\"42955a2\" data-element_type=\"container\" data-e-type=\"container\" data-settings=\"{&quot;background_background&quot;:&quot;classic&quot;}\">\n\t\t\t\t<div class=\"elementor-element elementor-element-707df94 elementor-widget elementor-widget-spacer\" data-id=\"707df94\" data-element_type=\"widget\" data-e-type=\"widget\" data-widget_type=\"spacer.default\">\n\t\t\t\t<div class=\"elementor-widget-container\">\n\t\t\t\t\t\t\t<div class=\"elementor-spacer\">\n\t\t\t<div class=\"elementor-spacer-inner\"><\/div>\n\t\t<\/div>\n\t\t\t\t\t\t<\/div>\n\t\t\t\t<\/div>\n\t\t\t\t<\/div>\n\t\t\t\t\t\t\t\t<\/div>\n\t\t\t\t\t\t\t\t\t\t\t<div class=\"swiper-slide\" data-slide=\"2\" role=\"group\" aria-roledescription=\"slide\" aria-label=\"2 of 4\">\n\t\t\t\t\t\t\t<div class=\"elementor-element elementor-element-64e907a e-con-full e-flex e-con e-child\" data-id=\"64e907a\" data-element_type=\"container\" data-e-type=\"container\" data-settings=\"{&quot;background_background&quot;:&quot;classic&quot;}\">\n\t\t\t\t<div class=\"elementor-element elementor-element-a769163 elementor-widget elementor-widget-spacer\" data-id=\"a769163\" data-element_type=\"widget\" data-e-type=\"widget\" data-widget_type=\"spacer.default\">\n\t\t\t\t<div class=\"elementor-widget-container\">\n\t\t\t\t\t\t\t<div class=\"elementor-spacer\">\n\t\t\t<div class=\"elementor-spacer-inner\"><\/div>\n\t\t<\/div>\n\t\t\t\t\t\t<\/div>\n\t\t\t\t<\/div>\n\t\t\t\t<\/div>\n\t\t\t\t\t\t\t\t<\/div>\n\t\t\t\t\t\t\t\t\t\t\t<div class=\"swiper-slide\" data-slide=\"3\" role=\"group\" aria-roledescription=\"slide\" aria-label=\"3 of 4\">\n\t\t\t\t\t\t\t<div class=\"elementor-element elementor-element-778693b e-con-full e-flex e-con e-child\" data-id=\"778693b\" data-element_type=\"container\" data-e-type=\"container\" data-settings=\"{&quot;background_background&quot;:&quot;classic&quot;}\">\n\t\t\t\t<div class=\"elementor-element elementor-element-a969678 elementor-widget elementor-widget-spacer\" data-id=\"a969678\" data-element_type=\"widget\" data-e-type=\"widget\" data-widget_type=\"spacer.default\">\n\t\t\t\t<div class=\"elementor-widget-container\">\n\t\t\t\t\t\t\t<div class=\"elementor-spacer\">\n\t\t\t<div class=\"elementor-spacer-inner\"><\/div>\n\t\t<\/div>\n\t\t\t\t\t\t<\/div>\n\t\t\t\t<\/div>\n\t\t\t\t<\/div>\n\t\t\t\t\t\t\t\t<\/div>\n\t\t\t\t\t\t\t\t\t\t\t<div class=\"swiper-slide\" data-slide=\"4\" role=\"group\" aria-roledescription=\"slide\" aria-label=\"4 of 4\">\n\t\t\t\t\t\t\t<div class=\"elementor-element elementor-element-bcb28e5 e-con-full e-flex e-con e-child\" data-id=\"bcb28e5\" data-element_type=\"container\" data-e-type=\"container\" data-settings=\"{&quot;background_background&quot;:&quot;classic&quot;}\">\n\t\t\t\t<div class=\"elementor-element elementor-element-1f386dd elementor-widget elementor-widget-spacer\" data-id=\"1f386dd\" data-element_type=\"widget\" data-e-type=\"widget\" data-widget_type=\"spacer.default\">\n\t\t\t\t<div class=\"elementor-widget-container\">\n\t\t\t\t\t\t\t<div class=\"elementor-spacer\">\n\t\t\t<div class=\"elementor-spacer-inner\"><\/div>\n\t\t<\/div>\n\t\t\t\t\t\t<\/div>\n\t\t\t\t<\/div>\n\t\t\t\t<\/div>\n\t\t\t\t\t\t\t\t<\/div>\n\t\t\t\t\t\t\t\t<\/div>\n\t\t<\/div>\n\t\t\t\t\t<div class=\"elementor-swiper-button elementor-swiper-button-prev\" role=\"button\" tabindex=\"0\" aria-label=\"Anterior\">\n\t\t\t\t<svg aria-hidden=\"true\" class=\"e-font-icon-svg e-eicon-chevron-left\" viewBox=\"0 0 1000 1000\" xmlns=\"http:\/\/www.w3.org\/2000\/svg\"><path d=\"M646 125C629 125 613 133 604 142L308 442C296 454 292 471 292 487 292 504 296 521 308 533L604 854C617 867 629 875 646 875 663 875 679 871 692 858 704 846 713 829 713 812 713 796 708 779 692 767L438 487 692 225C700 217 708 204 708 187 708 171 704 154 692 142 675 129 663 125 646 125Z\"><\/path><\/svg>\t\t\t<\/div>\n\t\t\t<div class=\"elementor-swiper-button elementor-swiper-button-next\" role=\"button\" tabindex=\"0\" aria-label=\"Siguiente\">\n\t\t\t\t<svg aria-hidden=\"true\" class=\"e-font-icon-svg e-eicon-chevron-right\" viewBox=\"0 0 1000 1000\" xmlns=\"http:\/\/www.w3.org\/2000\/svg\"><path d=\"M696 533C708 521 713 504 713 487 713 471 708 454 696 446L400 146C388 133 375 125 354 125 338 125 325 129 313 142 300 154 292 171 292 187 292 204 296 221 308 233L563 492 304 771C292 783 288 800 288 817 288 833 296 850 308 863 321 871 338 875 354 875 371 875 388 867 400 854L696 533Z\"><\/path><\/svg>\t\t\t<\/div>\n\t\t\t\t\t<div class=\"swiper-pagination\"><\/div>\n\t\t\t\t\t\t<\/div>\n\t\t\t\t<\/div>\n\t\t\t\t<\/div>\n\t\t<div class=\"elementor-element elementor-element-0731657 e-con-full elementor-hidden-mobile e-flex e-con e-parent\" data-id=\"0731657\" data-element_type=\"container\" data-e-type=\"container\" data-settings=\"{&quot;background_background&quot;:&quot;classic&quot;}\">\n\t\t\t\t<\/div>\n\t\t<div class=\"elementor-element elementor-element-a02b806 e-flex e-con-boxed e-con e-parent\" data-id=\"a02b806\" data-element_type=\"container\" data-e-type=\"container\">\n\t\t\t\t\t<div class=\"e-con-inner\">\n\t\t\t\t<div class=\"elementor-element elementor-element-4d3291d elementor-widget elementor-widget-ucaddon_card_carousel\" data-id=\"4d3291d\" data-element_type=\"widget\" data-e-type=\"widget\" data-widget_type=\"ucaddon_card_carousel.default\">\n\t\t\t\t<div class=\"elementor-widget-container\">\n\t\t\t\t\t\n<!-- start Card Carousel -->\n\t\t<link id='font-awesome-css' href='https:\/\/homu.com.ar\/new\/wp-content\/plugins\/unlimited-elements-for-elementor-premium\/assets_libraries\/font-awesome6\/fontawesome-all.min.css' type='text\/css' rel='stylesheet' >\n\t\t<link id='font-awesome-4-shim-css' href='https:\/\/homu.com.ar\/new\/wp-content\/plugins\/unlimited-elements-for-elementor-premium\/assets_libraries\/font-awesome6\/fontawesome-v4-shims.min.css' type='text\/css' rel='stylesheet' >\n\t\t<link id='owl-carousel-css' href='https:\/\/homu.com.ar\/new\/wp-content\/plugins\/unlimited-elements-for-elementor-premium\/assets_libraries\/owl-carousel-new\/assets\/owl.carousel.css' type='text\/css' rel='stylesheet' >\n\n<style>\/* widget: Card Carousel *\/\n\n#uc_card_carousel_elementor_4d3291d-wrapper\n{\n  min-height:1px;\n}\n#uc_card_carousel_elementor_4d3291d *{\n\t-webkit-box-sizing: border-box;\n\t-moz-box-sizing: border-box;\n\tbox-sizing: border-box;\n}\n\n#uc_card_carousel_elementor_4d3291d .ue-carousel-item\n{\n  overflow:hidden;\n  transition:0.3s;\n}\n\n#uc_card_carousel_elementor_4d3291d .uc_classic_carousel_container_holder\n{\n\tdisplay:block;\n\tposition:relative;\n\twidth:100%;\n    box-sizing: border-box;\n}\n.card_carousel_title\n{\n\tfont-size:21px;\n}\n\n.uc_classic_carousel .uc_classic_carousel_border\n{\n\tdisplay:block;\n    margin:0 auto;\n}\n\n.uc_classic_carousel  .uc_classic_carousel_placeholder img\n{\n\twidth:100%;\n    \n    display:inline-flex;\n}\n.uc_classic_carousel .uc_classic_carousel_content\n{\n  display: flex;\n flex-flow: column nowrap;\n}\n\n.uc_classic_carousel .ue_button\n{\n  margin-top:auto;\n\n}\n\n.uc_classic_carousel .uc_classic_carousel_content .uc_more_btn {\n\tdisplay:inline-block;\n\ttext-decoration:none;\n\ttransition: all 0.5s ease;\n}\n\n\n#uc_card_carousel_elementor_4d3291d .owl-dots {\noverflow:hidden;\ntext-align:center;\n}\n\n#uc_card_carousel_elementor_4d3291d .owl-dot {\nborder-radius:50%;\ndisplay:inline-block;\n}\n\n#uc_card_carousel_elementor_4d3291d .owl-nav .owl-prev{\n    position:absolute;\n    display:inline-block;\n    text-align:center;\n}\n#uc_card_carousel_elementor_4d3291d .owl-nav .owl-next{\n  position:absolute;\n  display:inline-block;\n  text-align:center;\n}\n\n#uc_card_carousel_elementor_4d3291d .owl-nav .disabled\n{\n    display: none;  \n}\n\n\n#uc_card_carousel_elementor_4d3291d .ue-item-icon\n{\n  line-height:1em;\n  display:inline-flex;\n  justify-content:center;\n  align-items:center;\n  \n}\n\n#uc_card_carousel_elementor_4d3291d .ue-item-icon svg\n{\n  height:1em;\n  width:1em;\n}\n\n#uc_card_carousel_elementor_4d3291d .ue-item-icon-wrapper\n{\n  display:flex;\n}\n\n#uc_card_carousel_elementor_4d3291d .uc_classic_carousel_container_holder {\n\t max-width: ;\n}\n\n\n\n@media screen and (max-width: 1024px) {\n  #uc_card_carousel_elementor_4d3291d .uc_classic_carousel_container_holder {\n\t max-width: ;\n  }\n}\n\n@media screen and (max-width: 767px) {\n  #uc_card_carousel_elementor_4d3291d .uc_classic_carousel_container_holder {\n    max-width: ;\n  }\n}\n\n<\/style>\n\n<div class=\"uc_classic_carousel\" id=\"uc_card_carousel_elementor_4d3291d-wrapper\">\n        <div class=\"uc_carousel owl-carousel uc-items-wrapper  \" id=\"uc_card_carousel_elementor_4d3291d\"  >\n          \t<div class=\"uc_classic_carousel_container_holder ue-item elementor-repeater-item-bdb7041\">\n  <div class=\"ue-carousel-item\">\n      <div class=\"uc_classic_carousel_placeholder\">\n    <a href=\"https:\/\/www.youtube.com\/watch?v=Ke-KafzXpq8\" title=\"Ver m\u00e1s\" >      <img decoding=\"async\" src=\"https:\/\/homu.com.ar\/new\/wp-content\/uploads\/2025\/04\/1af93dd0-f375-47ad-a219-eb7e9a7091d0.jpeg\"  src=\"https:\/\/homu.com.ar\/new\/wp-content\/uploads\/2025\/04\/1af93dd0-f375-47ad-a219-eb7e9a7091d0.jpeg\" alt=\"1af93dd0-f375-47ad-a219-eb7e9a7091d0\" width=\"370\" height=\"216\">\n    <\/a>  <\/div>\n    <div class=\"uc_classic_carousel_content\" style=\"direction:ltr;\">\n    \n    \n        \n          <a href=\"https:\/\/www.youtube.com\/watch?v=Ke-KafzXpq8\" >\t\n      <div  class=\"card_carousel_title\">\u00bfC\u00d3MO ME REGISTRO POR PRIMERA VEZ?<\/div>\n      <\/a>    \t\n    \n      \n    <p class=\"card_carousel_text\"><\/p>    \n    \n    \t\n    \n    \n        \t \n              <div class=\"ue_button\"><a class=\"uc_more_btn \" href=\"https:\/\/www.youtube.com\/watch?v=Ke-KafzXpq8\" title=\"Ver m\u00e1s\" >Ver m\u00e1s<\/a><\/div>\n        \t    \n    \t\n  <\/div>\n  <\/div>\n<\/div>\n<div class=\"uc_classic_carousel_container_holder ue-item elementor-repeater-item-f9695ac\">\n  <div class=\"ue-carousel-item\">\n      <div class=\"uc_classic_carousel_placeholder\">\n    <a href=\"https:\/\/www.youtube.com\/watch?v=a7XNkXI9OBQ\" title=\"Ver m\u00e1s\" >      <img decoding=\"async\" src=\"https:\/\/homu.com.ar\/new\/wp-content\/uploads\/2025\/04\/057c3a69-dab1-44cb-9bb8-9d02b1ff0906.jpeg\"  src=\"https:\/\/homu.com.ar\/new\/wp-content\/uploads\/2025\/04\/057c3a69-dab1-44cb-9bb8-9d02b1ff0906.jpeg\" alt=\"057c3a69-dab1-44cb-9bb8-9d02b1ff0906\" width=\"370\" height=\"216\">\n    <\/a>  <\/div>\n    <div class=\"uc_classic_carousel_content\" style=\"direction:ltr;\">\n    \n    \n        \n          <a href=\"https:\/\/www.youtube.com\/watch?v=a7XNkXI9OBQ\" >\t\n      <div  class=\"card_carousel_title\">\u00bfC\u00d3MO CARGO UN NUEVO VEH\u00cdCULO?<\/div>\n      <\/a>    \t\n    \n      \n    <p class=\"card_carousel_text\"><\/p>    \n    \n    \t\n    \n    \n        \t \n              <div class=\"ue_button\"><a class=\"uc_more_btn \" href=\"https:\/\/www.youtube.com\/watch?v=a7XNkXI9OBQ\" title=\"Ver m\u00e1s\" >Ver m\u00e1s<\/a><\/div>\n        \t    \n    \t\n  <\/div>\n  <\/div>\n<\/div>\n<div class=\"uc_classic_carousel_container_holder ue-item elementor-repeater-item-11379e1\">\n  <div class=\"ue-carousel-item\">\n      <div class=\"uc_classic_carousel_placeholder\">\n    <a href=\"https:\/\/www.youtube.com\/watch?v=Z9im97oClJ8\" title=\"Ver m\u00e1s\" >      <img loading=\"lazy\" decoding=\"async\" src=\"https:\/\/homu.com.ar\/new\/wp-content\/uploads\/2025\/04\/f1c453e5-a7a1-4d0c-8b3b-3d2724432a91.jpeg\"  src=\"https:\/\/homu.com.ar\/new\/wp-content\/uploads\/2025\/04\/f1c453e5-a7a1-4d0c-8b3b-3d2724432a91.jpeg\" alt=\"f1c453e5-a7a1-4d0c-8b3b-3d2724432a91\" width=\"370\" height=\"216\">\n    <\/a>  <\/div>\n    <div class=\"uc_classic_carousel_content\" style=\"direction:ltr;\">\n    \n    \n        \n          <a href=\"https:\/\/www.youtube.com\/watch?v=Z9im97oClJ8\" >\t\n      <div  class=\"card_carousel_title\">\u00bfC\u00d3MO AGENDO UN TURNO PARA UN SERVICIO?<\/div>\n      <\/a>    \t\n    \n      \n    <p class=\"card_carousel_text\"><\/p>    \n    \n    \t\n    \n    \n        \t \n              <div class=\"ue_button\"><a class=\"uc_more_btn \" href=\"https:\/\/www.youtube.com\/watch?v=Z9im97oClJ8\" title=\"Ver m\u00e1s\" >Ver m\u00e1s<\/a><\/div>\n        \t    \n    \t\n  <\/div>\n  <\/div>\n<\/div>\n<div class=\"uc_classic_carousel_container_holder ue-item elementor-repeater-item-2dbbc97\">\n  <div class=\"ue-carousel-item\">\n      <div class=\"uc_classic_carousel_placeholder\">\n    <a href=\"https:\/\/www.youtube.com\/watch?v=5kR44qhHvqQ\" title=\"Ver m\u00e1s\" >      <img loading=\"lazy\" decoding=\"async\" src=\"https:\/\/homu.com.ar\/new\/wp-content\/uploads\/2025\/04\/73ae0300-efd0-4ccc-96b5-f5742e331e68.jpeg\"  src=\"https:\/\/homu.com.ar\/new\/wp-content\/uploads\/2025\/04\/73ae0300-efd0-4ccc-96b5-f5742e331e68.jpeg\" alt=\"73ae0300-efd0-4ccc-96b5-f5742e331e68\" width=\"370\" height=\"216\">\n    <\/a>  <\/div>\n    <div class=\"uc_classic_carousel_content\" style=\"direction:ltr;\">\n    \n    \n        \n          <a href=\"https:\/\/www.youtube.com\/watch?v=5kR44qhHvqQ\" >\t\n      <div  class=\"card_carousel_title\">\u00bfC\u00d3MO VISUALIZO LA INFORMACI\u00d3N DE MI PLAN DE AHORRO?<\/div>\n      <\/a>    \t\n    \n      \n    <p class=\"card_carousel_text\"><\/p>    \n    \n    \t\n    \n    \n        \t \n              <div class=\"ue_button\"><a class=\"uc_more_btn \" href=\"https:\/\/www.youtube.com\/watch?v=5kR44qhHvqQ\" title=\"Ver m\u00e1s\" >Ver m\u00e1s<\/a><\/div>\n        \t    \n    \t\n  <\/div>\n  <\/div>\n<\/div>\n\n      <\/div>\n<\/div>\n<!-- end Card Carousel -->\t\t\t\t<\/div>\n\t\t\t\t<\/div>\n\t\t\t\t\t<\/div>\n\t\t\t\t<\/div>\n\t\t\t\t<\/div>\n\t\t","protected":false},"excerpt":{"rendered":"<p>NUEVA APP TOYOTA Conectate con todo lo que te mueve DESCARGAR ACCED\u00c9 A LA APP OFICIAL Para mejorar la experiencia con Toyota y descubrir todas las soluciones de movilidad. Conectate desde donde est\u00e9s para agendar tu turno de servicio, visualizar informaci\u00f3n clave de tus planes de ahorro, descargar los cupones de pago y mucho m\u00e1s. [&hellip;]<\/p>\n","protected":false},"author":1,"featured_media":0,"parent":0,"menu_order":0,"comment_status":"closed","ping_status":"closed","template":"","meta":{"_acf_changed":false,"footnotes":""},"class_list":["post-22279","page","type-page","status-publish","hentry"],"acf":[],"jetpack_sharing_enabled":true,"_links":{"self":[{"href":"https:\/\/homu.com.ar\/new\/wp-json\/wp\/v2\/pages\/22279","targetHints":{"allow":["GET"]}}],"collection":[{"href":"https:\/\/homu.com.ar\/new\/wp-json\/wp\/v2\/pages"}],"about":[{"href":"https:\/\/homu.com.ar\/new\/wp-json\/wp\/v2\/types\/page"}],"author":[{"embeddable":true,"href":"https:\/\/homu.com.ar\/new\/wp-json\/wp\/v2\/users\/1"}],"replies":[{"embeddable":true,"href":"https:\/\/homu.com.ar\/new\/wp-json\/wp\/v2\/comments?post=22279"}],"version-history":[{"count":37,"href":"https:\/\/homu.com.ar\/new\/wp-json\/wp\/v2\/pages\/22279\/revisions"}],"predecessor-version":[{"id":24720,"href":"https:\/\/homu.com.ar\/new\/wp-json\/wp\/v2\/pages\/22279\/revisions\/24720"}],"wp:attachment":[{"href":"https:\/\/homu.com.ar\/new\/wp-json\/wp\/v2\/media?parent=22279"}],"curies":[{"name":"wp","href":"https:\/\/api.w.org\/{rel}","templated":true}]}}