{"id":18767,"date":"2024-05-27T10:21:00","date_gmt":"2024-05-27T13:21:00","guid":{"rendered":"https:\/\/homu.com.ar\/new\/?page_id=18767"},"modified":"2025-03-05T20:53:15","modified_gmt":"2025-03-05T23:53:15","slug":"hilux-plan-100","status":"publish","type":"page","link":"https:\/\/homu.com.ar\/new\/hilux-plan-100\/","title":{"rendered":"Hilux Plan 4&#215;4 100"},"content":{"rendered":"\t\t<div data-elementor-type=\"wp-page\" data-elementor-id=\"18767\" class=\"elementor elementor-18767\" data-elementor-post-type=\"page\">\n\t\t\t\t<div class=\"elementor-element elementor-element-86e6ab4 e-con-full e-flex e-con e-parent\" data-id=\"86e6ab4\" data-element_type=\"container\" data-e-type=\"container\">\n\t\t\t\t<div class=\"elementor-element elementor-element-94bbed7 elementor-widget elementor-widget-image\" data-id=\"94bbed7\" data-element_type=\"widget\" data-e-type=\"widget\" data-widget_type=\"image.default\">\n\t\t\t\t<div class=\"elementor-widget-container\">\n\t\t\t\t\t\t\t\t\t\t\t\t\t\t\t<img fetchpriority=\"high\" decoding=\"async\" width=\"2010\" height=\"487\" src=\"https:\/\/homu.com.ar\/new\/wp-content\/uploads\/2024\/05\/Header-Hilux-4x4-2.png\" class=\"attachment-full size-full wp-image-18969\" alt=\"\" srcset=\"https:\/\/homu.com.ar\/new\/wp-content\/uploads\/2024\/05\/Header-Hilux-4x4-2.png 2010w, https:\/\/homu.com.ar\/new\/wp-content\/uploads\/2024\/05\/Header-Hilux-4x4-2-300x73.png 300w, https:\/\/homu.com.ar\/new\/wp-content\/uploads\/2024\/05\/Header-Hilux-4x4-2-1024x248.png 1024w, https:\/\/homu.com.ar\/new\/wp-content\/uploads\/2024\/05\/Header-Hilux-4x4-2-768x186.png 768w, https:\/\/homu.com.ar\/new\/wp-content\/uploads\/2024\/05\/Header-Hilux-4x4-2-1536x372.png 1536w\" sizes=\"(max-width: 2010px) 100vw, 2010px\" \/>\t\t\t\t\t\t\t\t\t\t\t\t\t\t\t<\/div>\n\t\t\t\t<\/div>\n\t\t\t\t<\/div>\n\t\t<div class=\"elementor-element elementor-element-aa1d2e0 e-flex e-con-boxed e-con e-parent\" data-id=\"aa1d2e0\" data-element_type=\"container\" data-e-type=\"container\">\n\t\t\t\t\t<div class=\"e-con-inner\">\n\t\t\t\t<div class=\"elementor-element elementor-element-5024f45 elementor-widget elementor-widget-heading\" data-id=\"5024f45\" data-element_type=\"widget\" data-e-type=\"widget\" data-widget_type=\"heading.default\">\n\t\t\t\t<div class=\"elementor-widget-container\">\n\t\t\t\t\t<h2 class=\"elementor-heading-title elementor-size-default\">Hilux 4x4 D\/C DX Plan 100%<\/h2>\t\t\t\t<\/div>\n\t\t\t\t<\/div>\n\t\t\t\t<div class=\"elementor-element elementor-element-8ee3b15 elementor-widget elementor-widget-heading\" data-id=\"8ee3b15\" data-element_type=\"widget\" data-e-type=\"widget\" data-widget_type=\"heading.default\">\n\t\t\t\t<div class=\"elementor-widget-container\">\n\t\t\t\t\t<h2 class=\"elementor-heading-title elementor-size-default\">\u00bfQu\u00e9 es un plan 100%?\n<\/h2>\t\t\t\t<\/div>\n\t\t\t\t<\/div>\n\t\t\t\t<div class=\"elementor-element elementor-element-e02c29b elementor-widget elementor-widget-text-editor\" data-id=\"e02c29b\" data-element_type=\"widget\" data-e-type=\"widget\" data-widget_type=\"text-editor.default\">\n\t\t\t\t<div class=\"elementor-widget-container\">\n\t\t\t\t\t\t\t\t\t<div class=\"title-text-contact-btn-image__title-wrapper\"><div class=\"title-text-contact-btn-image__title-wrapper\"><p class=\"text\">Te permite ahorrar por el 100% del valor del veh\u00edculo, en 96 cuotas.<\/p><\/div><\/div>\t\t\t\t\t\t\t\t<\/div>\n\t\t\t\t<\/div>\n\t\t\t\t\t<\/div>\n\t\t\t\t<\/div>\n\t\t<div class=\"elementor-element elementor-element-36b1d78 e-flex e-con-boxed e-con e-parent\" data-id=\"36b1d78\" data-element_type=\"container\" data-e-type=\"container\">\n\t\t\t\t\t<div class=\"e-con-inner\">\n\t\t<div class=\"elementor-element elementor-element-6635ed2 e-con-full e-flex e-con e-child\" data-id=\"6635ed2\" data-element_type=\"container\" data-e-type=\"container\">\n\t\t<div class=\"elementor-element elementor-element-73b82db e-flex e-con-boxed e-con e-child\" data-id=\"73b82db\" data-element_type=\"container\" data-e-type=\"container\">\n\t\t\t\t\t<div class=\"e-con-inner\">\n\t\t\t\t<div class=\"elementor-element elementor-element-49a1138 elementor-widget elementor-widget-heading\" data-id=\"49a1138\" data-element_type=\"widget\" data-e-type=\"widget\" data-widget_type=\"heading.default\">\n\t\t\t\t<div class=\"elementor-widget-container\">\n\t\t\t\t\t<h2 class=\"elementor-heading-title elementor-size-default\">Si necesit\u00e1s m\u00e1s informaci\u00f3n para acceder a tu Plan\n<\/h2>\t\t\t\t<\/div>\n\t\t\t\t<\/div>\n\t\t<div class=\"elementor-element elementor-element-11e5c23 e-flex e-con-boxed e-con e-child\" data-id=\"11e5c23\" data-element_type=\"container\" data-e-type=\"container\">\n\t\t\t\t\t<div class=\"e-con-inner\">\n\t\t\t\t<div class=\"elementor-element elementor-element-0f6754a elementor-align-center elementor-mobile-align-justify elementor-widget elementor-widget-button\" data-id=\"0f6754a\" data-element_type=\"widget\" data-e-type=\"widget\" data-widget_type=\"button.default\">\n\t\t\t\t<div class=\"elementor-widget-container\">\n\t\t\t\t\t\t\t\t\t<div class=\"elementor-button-wrapper\">\n\t\t\t\t\t<a class=\"elementor-button elementor-button-link elementor-size-sm\" href=\"https:\/\/homu.com.ar\/new\/contacto\/\" target=\"_blank\">\n\t\t\t\t\t\t<span class=\"elementor-button-content-wrapper\">\n\t\t\t\t\t\t<span class=\"elementor-button-icon\">\n\t\t\t\t<svg aria-hidden=\"true\" class=\"e-font-icon-svg e-fas-phone-alt\" viewBox=\"0 0 512 512\" xmlns=\"http:\/\/www.w3.org\/2000\/svg\"><path d=\"M497.39 361.8l-112-48a24 24 0 0 0-28 6.9l-49.6 60.6A370.66 370.66 0 0 1 130.6 204.11l60.6-49.6a23.94 23.94 0 0 0 6.9-28l-48-112A24.16 24.16 0 0 0 122.6.61l-104 24A24 24 0 0 0 0 48c0 256.5 207.9 464 464 464a24 24 0 0 0 23.4-18.6l24-104a24.29 24.29 0 0 0-14.01-27.6z\"><\/path><\/svg>\t\t\t<\/span>\n\t\t\t\t\t\t\t\t\t<span class=\"elementor-button-text\">CONTACTANOS<\/span>\n\t\t\t\t\t<\/span>\n\t\t\t\t\t<\/a>\n\t\t\t\t<\/div>\n\t\t\t\t\t\t\t\t<\/div>\n\t\t\t\t<\/div>\n\t\t\t\t\t<\/div>\n\t\t\t\t<\/div>\n\t\t\t\t\t<\/div>\n\t\t\t\t<\/div>\n\t\t<div class=\"elementor-element elementor-element-2ac0822 elementor-hidden-desktop elementor-hidden-tablet elementor-hidden-mobile e-flex e-con-boxed e-con e-child\" data-id=\"2ac0822\" data-element_type=\"container\" data-e-type=\"container\">\n\t\t\t\t\t<div class=\"e-con-inner\">\n\t\t\t\t<div class=\"elementor-element elementor-element-628c7d0 elementor-widget elementor-widget-heading\" data-id=\"628c7d0\" data-element_type=\"widget\" data-e-type=\"widget\" data-widget_type=\"heading.default\">\n\t\t\t\t<div class=\"elementor-widget-container\">\n\t\t\t\t\t<h2 class=\"elementor-heading-title elementor-size-default\">Suscribite Online\n<\/h2>\t\t\t\t<\/div>\n\t\t\t\t<\/div>\n\t\t<div class=\"elementor-element elementor-element-943a62e e-flex e-con-boxed e-con e-child\" data-id=\"943a62e\" data-element_type=\"container\" data-e-type=\"container\">\n\t\t\t\t\t<div class=\"e-con-inner\">\n\t\t<div class=\"elementor-element elementor-element-5861335 e-flex e-con-boxed e-con e-child\" data-id=\"5861335\" data-element_type=\"container\" data-e-type=\"container\">\n\t\t\t\t\t<div class=\"e-con-inner\">\n\t\t\t\t<div class=\"elementor-element elementor-element-c26c289 elementor-align-center elementor-mobile-align-justify elementor-widget elementor-widget-button\" data-id=\"c26c289\" data-element_type=\"widget\" data-e-type=\"widget\" data-widget_type=\"button.default\">\n\t\t\t\t<div class=\"elementor-widget-container\">\n\t\t\t\t\t\t\t\t\t<div class=\"elementor-button-wrapper\">\n\t\t\t\t\t<a class=\"elementor-button elementor-button-link elementor-size-sm\" href=\"https:\/\/sdx.suscripcion.toyotaplan.com.ar\/?modelId=99&#038;planId=79\" target=\"_blank\">\n\t\t\t\t\t\t<span class=\"elementor-button-content-wrapper\">\n\t\t\t\t\t\t\t\t\t<span class=\"elementor-button-text\">PLAN HILUX 100%<\/span>\n\t\t\t\t\t<\/span>\n\t\t\t\t\t<\/a>\n\t\t\t\t<\/div>\n\t\t\t\t\t\t\t\t<\/div>\n\t\t\t\t<\/div>\n\t\t\t\t\t<\/div>\n\t\t\t\t<\/div>\n\t\t\t\t\t<\/div>\n\t\t\t\t<\/div>\n\t\t\t\t\t<\/div>\n\t\t\t\t<\/div>\n\t\t\t\t<\/div>\n\t\t<div class=\"elementor-element elementor-element-91d8782 e-con-full e-flex e-con e-child\" data-id=\"91d8782\" data-element_type=\"container\" data-e-type=\"container\">\n\t\t\t\t<\/div>\n\t\t\t\t\t<\/div>\n\t\t\t\t<\/div>\n\t\t<div class=\"elementor-element elementor-element-44ed316 e-con-full e-flex e-con e-parent\" data-id=\"44ed316\" data-element_type=\"container\" data-e-type=\"container\" data-settings=\"{&quot;background_background&quot;:&quot;classic&quot;}\">\n\t\t<div class=\"elementor-element elementor-element-22f5b6d e-con-full e-flex e-con e-child\" data-id=\"22f5b6d\" data-element_type=\"container\" data-e-type=\"container\">\n\t\t\t\t<div class=\"elementor-element elementor-element-3dcf3c3 elementor-widget elementor-widget-ucaddon_card_carousel\" data-id=\"3dcf3c3\" data-element_type=\"widget\" data-e-type=\"widget\" data-widget_type=\"ucaddon_card_carousel.default\">\n\t\t\t\t<div class=\"elementor-widget-container\">\n\t\t\t\t\t\n<!-- start Card Carousel -->\n\t\t<link id='font-awesome-css' href='https:\/\/homu.com.ar\/new\/wp-content\/plugins\/unlimited-elements-for-elementor-premium\/assets_libraries\/font-awesome6\/fontawesome-all.min.css' type='text\/css' rel='stylesheet' >\n\t\t<link id='font-awesome-4-shim-css' href='https:\/\/homu.com.ar\/new\/wp-content\/plugins\/unlimited-elements-for-elementor-premium\/assets_libraries\/font-awesome6\/fontawesome-v4-shims.min.css' type='text\/css' rel='stylesheet' >\n\t\t<link id='owl-carousel-css' href='https:\/\/homu.com.ar\/new\/wp-content\/plugins\/unlimited-elements-for-elementor-premium\/assets_libraries\/owl-carousel-new\/assets\/owl.carousel.css' type='text\/css' rel='stylesheet' >\n\n<style>\/* widget: Card Carousel *\/\n\n#uc_card_carousel_elementor_3dcf3c3-wrapper\n{\n  min-height:1px;\n}\n#uc_card_carousel_elementor_3dcf3c3 *{\n\t-webkit-box-sizing: border-box;\n\t-moz-box-sizing: border-box;\n\tbox-sizing: border-box;\n}\n\n#uc_card_carousel_elementor_3dcf3c3 .ue-carousel-item\n{\n  overflow:hidden;\n  transition:0.3s;\n}\n\n#uc_card_carousel_elementor_3dcf3c3 .uc_classic_carousel_container_holder\n{\n\tdisplay:block;\n\tposition:relative;\n\twidth:100%;\n    box-sizing: border-box;\n}\n.card_carousel_title\n{\n\tfont-size:21px;\n}\n\n.uc_classic_carousel .uc_classic_carousel_border\n{\n\tdisplay:block;\n    margin:0 auto;\n}\n\n.uc_classic_carousel  .uc_classic_carousel_placeholder img\n{\n\twidth:100%;\n    \n    display:inline-flex;\n}\n.uc_classic_carousel .uc_classic_carousel_content\n{\n  display: flex;\n flex-flow: column nowrap;\n}\n\n.uc_classic_carousel .ue_button\n{\n  margin-top:auto;\n\n}\n\n.uc_classic_carousel .uc_classic_carousel_content .uc_more_btn {\n\tdisplay:inline-block;\n\ttext-decoration:none;\n\ttransition: all 0.5s ease;\n}\n\n\n#uc_card_carousel_elementor_3dcf3c3 .owl-dots {\noverflow:hidden;\ntext-align:center;\n}\n\n#uc_card_carousel_elementor_3dcf3c3 .owl-dot {\nborder-radius:50%;\ndisplay:inline-block;\n}\n\n#uc_card_carousel_elementor_3dcf3c3 .owl-nav .owl-prev{\n    position:absolute;\n    display:inline-block;\n    text-align:center;\n}\n#uc_card_carousel_elementor_3dcf3c3 .owl-nav .owl-next{\n  position:absolute;\n  display:inline-block;\n  text-align:center;\n}\n\n#uc_card_carousel_elementor_3dcf3c3 .owl-nav .disabled\n{\n    display: none;  \n}\n\n\n#uc_card_carousel_elementor_3dcf3c3 .ue-item-icon\n{\n  line-height:1em;\n  display:inline-flex;\n  justify-content:center;\n  align-items:center;\n  \n}\n\n#uc_card_carousel_elementor_3dcf3c3 .ue-item-icon svg\n{\n  height:1em;\n  width:1em;\n}\n\n#uc_card_carousel_elementor_3dcf3c3 .ue-item-icon-wrapper\n{\n  display:flex;\n}\n\n#uc_card_carousel_elementor_3dcf3c3 .uc_classic_carousel_container_holder {\n\t max-width: ;\n}\n\n\n\n@media screen and (max-width: 1024px) {\n  #uc_card_carousel_elementor_3dcf3c3 .uc_classic_carousel_container_holder {\n\t max-width: ;\n  }\n}\n\n@media screen and (max-width: 767px) {\n  #uc_card_carousel_elementor_3dcf3c3 .uc_classic_carousel_container_holder {\n    max-width: ;\n  }\n}\n\n<\/style>\n\n<div class=\"uc_classic_carousel\" id=\"uc_card_carousel_elementor_3dcf3c3-wrapper\">\n        <div class=\"uc_carousel owl-carousel uc-items-wrapper  \" id=\"uc_card_carousel_elementor_3dcf3c3\"  >\n          \t<div class=\"uc_classic_carousel_container_holder ue-item elementor-repeater-item-391cb94\">\n  <div class=\"ue-carousel-item\">\n      <div class=\"uc_classic_carousel_placeholder\">\n          <img decoding=\"async\" src=\"https:\/\/homu.com.ar\/new\/wp-content\/uploads\/2023\/09\/PNPBYspNWb.jpg\"  src=\"https:\/\/homu.com.ar\/new\/wp-content\/uploads\/2023\/09\/PNPBYspNWb.jpg\" alt=\"PNPBYspNWb\" width=\"270\" height=\"150\">\n      <\/div>\n    <div class=\"uc_classic_carousel_content\" style=\"direction:ltr;\">\n    \n    \n        \n          \t\n      <div  class=\"card_carousel_title\">Audio con pantalla t\u00e1ctil LCD de 7\" con conectividad Apple CarPlay\u00ae y Android Auto\u00ae.<\/div>\n          \t\n    \n      \n    <p class=\"card_carousel_text\">Disponible solo por conexi\u00f3n USB. Verifica la compatibilidad de tu modelo con el fabricante<\/p>    \n    \n    \t\n    \n    \n    \t\n  <\/div>\n  <\/div>\n<\/div>\n<div class=\"uc_classic_carousel_container_holder ue-item elementor-repeater-item-4075229\">\n  <div class=\"ue-carousel-item\">\n      <div class=\"uc_classic_carousel_placeholder\">\n          <img decoding=\"async\" src=\"https:\/\/homu.com.ar\/new\/wp-content\/uploads\/2023\/09\/7anRqV8mWC.png\"  src=\"https:\/\/homu.com.ar\/new\/wp-content\/uploads\/2023\/09\/7anRqV8mWC.png\" alt=\"7anRqV8mWC\" width=\"270\" height=\"150\">\n      <\/div>\n    <div class=\"uc_classic_carousel_content\" style=\"direction:ltr;\">\n    \n    \n        \n          \t\n      <div  class=\"card_carousel_title\">Llantas de aleaci\u00f3n 17\" con neum\u00e1ticos 265\/65 R17 AT<\/div>\n          \t\n    \n      \n    <p class=\"card_carousel_text\">Im\u00e1genes y equipamiento correspondiente a versiones SR<\/p>    \n    \n    \t\n    \n    \n    \t\n  <\/div>\n  <\/div>\n<\/div>\n<div class=\"uc_classic_carousel_container_holder ue-item elementor-repeater-item-2d8fd91\">\n  <div class=\"ue-carousel-item\">\n      <div class=\"uc_classic_carousel_placeholder\">\n          <img loading=\"lazy\" decoding=\"async\" src=\"https:\/\/homu.com.ar\/new\/wp-content\/uploads\/2023\/09\/XOgs4pfIlB.jpg\"  src=\"https:\/\/homu.com.ar\/new\/wp-content\/uploads\/2023\/09\/XOgs4pfIlB.jpg\" alt=\"XOgs4pfIlB\" width=\"270\" height=\"150\">\n      <\/div>\n    <div class=\"uc_classic_carousel_content\" style=\"direction:ltr;\">\n    \n    \n        \n          \t\n      <div  class=\"card_carousel_title\">ABS con Distribuci\u00f3n Electr\u00f3nica de la fuerza de Frenado y Asistente de Frenado de Emergencia<\/div>\n          \t\n    \n      \n    <p class=\"card_carousel_text\">Im\u00e1genes y equipamiento correspondiente a versiones SR y DX<\/p>    \n    \n    \t\n    \n    \n    \t\n  <\/div>\n  <\/div>\n<\/div>\n<div class=\"uc_classic_carousel_container_holder ue-item elementor-repeater-item-586757a\">\n  <div class=\"ue-carousel-item\">\n      <div class=\"uc_classic_carousel_placeholder\">\n          <img loading=\"lazy\" decoding=\"async\" src=\"https:\/\/homu.com.ar\/new\/wp-content\/uploads\/2023\/09\/HJ1UXN0upw.jpg\"  src=\"https:\/\/homu.com.ar\/new\/wp-content\/uploads\/2023\/09\/HJ1UXN0upw.jpg\" alt=\"HJ1UXN0upw\" width=\"270\" height=\"150\">\n      <\/div>\n    <div class=\"uc_classic_carousel_content\" style=\"direction:ltr;\">\n    \n    \n        \n          \t\n      <div  class=\"card_carousel_title\">Control de estabilidad (VSC)<\/div>\n          \t\n    \n      \n    <p class=\"card_carousel_text\">Im\u00e1genes y equipamiento correspondiente a versiones SR y DX<\/p>    \n    \n    \t\n    \n    \n    \t\n  <\/div>\n  <\/div>\n<\/div>\n<div class=\"uc_classic_carousel_container_holder ue-item elementor-repeater-item-6c5f142\">\n  <div class=\"ue-carousel-item\">\n      <div class=\"uc_classic_carousel_placeholder\">\n          <img loading=\"lazy\" decoding=\"async\" src=\"https:\/\/homu.com.ar\/new\/wp-content\/uploads\/2023\/09\/vCsiW9QUIq.png\"  src=\"https:\/\/homu.com.ar\/new\/wp-content\/uploads\/2023\/09\/vCsiW9QUIq.png\" alt=\"vCsiW9QUIq\" width=\"270\" height=\"150\">\n      <\/div>\n    <div class=\"uc_classic_carousel_content\" style=\"direction:ltr;\">\n    \n    \n        \n          \t\n      <div  class=\"card_carousel_title\">7 Airbags: Frontales y laterales, de rodilla para el conductor y de cortina en ambos lados<\/div>\n          \t\n    \n      \n    <p class=\"card_carousel_text\">Im\u00e1genes y equipamiento correspondiente a versiones SR y DX<\/p>    \n    \n    \t\n    \n    \n    \t\n  <\/div>\n  <\/div>\n<\/div>\n<div class=\"uc_classic_carousel_container_holder ue-item elementor-repeater-item-f1509bf\">\n  <div class=\"ue-carousel-item\">\n      <div class=\"uc_classic_carousel_placeholder\">\n          <img loading=\"lazy\" decoding=\"async\" src=\"https:\/\/homu.com.ar\/new\/wp-content\/uploads\/2023\/09\/1fXTwscqIg.jpg\"  src=\"https:\/\/homu.com.ar\/new\/wp-content\/uploads\/2023\/09\/1fXTwscqIg.jpg\" alt=\"1fXTwscqIg\" width=\"270\" height=\"150\">\n      <\/div>\n    <div class=\"uc_classic_carousel_content\" style=\"direction:ltr;\">\n    \n    \n        \n          \t\n      <div  class=\"card_carousel_title\">Hilux obtuvo 5 estrellas en protecci\u00f3n para adultos y ni\u00f1os.<\/div>\n          \t\n    \n      \n    <p class=\"card_carousel_text\">Im\u00e1genes y equipamiento correspondiente a versiones SR y DX<\/p>    \n    \n    \t\n    \n    \n    \t\n  <\/div>\n  <\/div>\n<\/div>\n<div class=\"uc_classic_carousel_container_holder ue-item elementor-repeater-item-77a7a7e\">\n  <div class=\"ue-carousel-item\">\n      <div class=\"uc_classic_carousel_placeholder\">\n          <img loading=\"lazy\" decoding=\"async\" src=\"https:\/\/homu.com.ar\/new\/wp-content\/uploads\/2023\/09\/8DlO4sRDiN.png\"  src=\"https:\/\/homu.com.ar\/new\/wp-content\/uploads\/2023\/09\/8DlO4sRDiN.png\" alt=\"8DlO4sRDiN\" width=\"270\" height=\"150\">\n      <\/div>\n    <div class=\"uc_classic_carousel_content\" style=\"direction:ltr;\">\n    \n    \n        \n          \t\n      <div  class=\"card_carousel_title\">Motores 2.8l de 204 CV y 2.4l de 150 CV de potencia m\u00e1xima<\/div>\n          \t\n    \n      \n    <p class=\"card_carousel_text\">Im\u00e1genes y equipamiento correspondiente a versiones SR<\/p>    \n    \n    \t\n    \n    \n    \t\n  <\/div>\n  <\/div>\n<\/div>\n<div class=\"uc_classic_carousel_container_holder ue-item elementor-repeater-item-8d0a33c\">\n  <div class=\"ue-carousel-item\">\n      <div class=\"uc_classic_carousel_placeholder\">\n          <img loading=\"lazy\" decoding=\"async\" src=\"https:\/\/homu.com.ar\/new\/wp-content\/uploads\/2023\/09\/XyJ42bUfjh.png\"  src=\"https:\/\/homu.com.ar\/new\/wp-content\/uploads\/2023\/09\/XyJ42bUfjh.png\" alt=\"XyJ42bUfjh\" width=\"270\" height=\"150\">\n      <\/div>\n    <div class=\"uc_classic_carousel_content\" style=\"direction:ltr;\">\n    \n    \n        \n          \t\n      <div  class=\"card_carousel_title\">C\u00e1mara de retroceso<\/div>\n          \t\n    \n      \n    <p class=\"card_carousel_text\">Im\u00e1genes y equipamiento correspondiente a versiones SR<\/p>    \n    \n    \t\n    \n    \n    \t\n  <\/div>\n  <\/div>\n<\/div>\n<div class=\"uc_classic_carousel_container_holder ue-item elementor-repeater-item-c08abeb\">\n  <div class=\"ue-carousel-item\">\n      <div class=\"uc_classic_carousel_placeholder\">\n          <img loading=\"lazy\" decoding=\"async\" src=\"https:\/\/homu.com.ar\/new\/wp-content\/uploads\/2023\/09\/eq2VWrtSFw.png\"  src=\"https:\/\/homu.com.ar\/new\/wp-content\/uploads\/2023\/09\/eq2VWrtSFw.png\" alt=\"eq2VWrtSFw\" width=\"270\" height=\"150\">\n      <\/div>\n    <div class=\"uc_classic_carousel_content\" style=\"direction:ltr;\">\n    \n    \n        \n          \t\n      <div  class=\"card_carousel_title\">Bloqueo diferencial trasero<\/div>\n          \t\n    \n      \n    <p class=\"card_carousel_text\">Im\u00e1genes y equipamiento correspondiente a versiones 4x4<\/p>    \n    \n    \t\n    \n    \n    \t\n  <\/div>\n  <\/div>\n<\/div>\n<div class=\"uc_classic_carousel_container_holder ue-item elementor-repeater-item-a27f7b8\">\n  <div class=\"ue-carousel-item\">\n      <div class=\"uc_classic_carousel_placeholder\">\n          <img loading=\"lazy\" decoding=\"async\" src=\"https:\/\/homu.com.ar\/new\/wp-content\/uploads\/2023\/09\/vArGl65EuN.png\"  src=\"https:\/\/homu.com.ar\/new\/wp-content\/uploads\/2023\/09\/vArGl65EuN.png\" alt=\"vArGl65EuN\" width=\"270\" height=\"150\">\n      <\/div>\n    <div class=\"uc_classic_carousel_content\" style=\"direction:ltr;\">\n    \n    \n        \n          \t\n      <div  class=\"card_carousel_title\">Volante con regulaci\u00f3n en altura y profundidad<\/div>\n          \t\n    \n      \n    <p class=\"card_carousel_text\">Im\u00e1genes y equipamiento correspondiente a versiones SR<\/p>    \n    \n    \t\n    \n    \n    \t\n  <\/div>\n  <\/div>\n<\/div>\n<div class=\"uc_classic_carousel_container_holder ue-item elementor-repeater-item-adfca62\">\n  <div class=\"ue-carousel-item\">\n      <div class=\"uc_classic_carousel_placeholder\">\n          <img loading=\"lazy\" decoding=\"async\" src=\"https:\/\/homu.com.ar\/new\/wp-content\/uploads\/2023\/09\/xRs4HlbhgB.jpg\"  src=\"https:\/\/homu.com.ar\/new\/wp-content\/uploads\/2023\/09\/xRs4HlbhgB.jpg\" alt=\"xRs4HlbhgB\" width=\"270\" height=\"150\">\n      <\/div>\n    <div class=\"uc_classic_carousel_content\" style=\"direction:ltr;\">\n    \n    \n        \n          \t\n      <div  class=\"card_carousel_title\">Asistente de arranque en pendientes (HAC)<\/div>\n          \t\n    \n      \n    <p class=\"card_carousel_text\">Im\u00e1genes y equipamiento correspondiente a versiones SR y DX<\/p>    \n    \n    \t\n    \n    \n    \t\n  <\/div>\n  <\/div>\n<\/div>\n<div class=\"uc_classic_carousel_container_holder ue-item elementor-repeater-item-381a15e\">\n  <div class=\"ue-carousel-item\">\n      <div class=\"uc_classic_carousel_placeholder\">\n          <img loading=\"lazy\" decoding=\"async\" src=\"https:\/\/homu.com.ar\/new\/wp-content\/uploads\/2023\/09\/wdLowHeo1C.png\"  src=\"https:\/\/homu.com.ar\/new\/wp-content\/uploads\/2023\/09\/wdLowHeo1C.png\" alt=\"wdLowHeo1C\" width=\"270\" height=\"150\">\n      <\/div>\n    <div class=\"uc_classic_carousel_content\" style=\"direction:ltr;\">\n    \n    \n        \n          \t\n      <div  class=\"card_carousel_title\">Faro antiniebla trasero<\/div>\n          \t\n    \n      \n    <p class=\"card_carousel_text\">Im\u00e1genes y equipamiento correspondiente a versiones SR y DX<\/p>    \n    \n    \t\n    \n    \n    \t\n  <\/div>\n  <\/div>\n<\/div>\n<div class=\"uc_classic_carousel_container_holder ue-item elementor-repeater-item-6ddf0c2\">\n  <div class=\"ue-carousel-item\">\n      <div class=\"uc_classic_carousel_placeholder\">\n          <img loading=\"lazy\" decoding=\"async\" src=\"https:\/\/homu.com.ar\/new\/wp-content\/uploads\/2023\/09\/k6ODBK9LIg.png\"  src=\"https:\/\/homu.com.ar\/new\/wp-content\/uploads\/2023\/09\/k6ODBK9LIg.png\" alt=\"k6ODBK9LIg\" width=\"270\" height=\"150\">\n      <\/div>\n    <div class=\"uc_classic_carousel_content\" style=\"direction:ltr;\">\n    \n    \n        \n          \t\n      <div  class=\"card_carousel_title\">Eco y Power mode<\/div>\n          \t\n    \n      \n    <p class=\"card_carousel_text\">Im\u00e1genes y equipamiento correspondiente a versi\u00f3n SR.<\/p>    \n    \n    \t\n    \n    \n    \t\n  <\/div>\n  <\/div>\n<\/div>\n<div class=\"uc_classic_carousel_container_holder ue-item elementor-repeater-item-0486ca1\">\n  <div class=\"ue-carousel-item\">\n      <div class=\"uc_classic_carousel_placeholder\">\n          <img loading=\"lazy\" decoding=\"async\" src=\"https:\/\/homu.com.ar\/new\/wp-content\/uploads\/2023\/09\/w0CmRreEQZ.png\"  src=\"https:\/\/homu.com.ar\/new\/wp-content\/uploads\/2023\/09\/w0CmRreEQZ.png\" alt=\"w0CmRreEQZ\" width=\"270\" height=\"150\">\n      <\/div>\n    <div class=\"uc_classic_carousel_content\" style=\"direction:ltr;\">\n    \n    \n        \n          \t\n      <div  class=\"card_carousel_title\">Faros antiniebla delanteros<\/div>\n          \t\n    \n      \n    <p class=\"card_carousel_text\">Im\u00e1genes y equipamiento correspondiente a versiones SR<\/p>    \n    \n    \t\n    \n    \n    \t\n  <\/div>\n  <\/div>\n<\/div>\n<div class=\"uc_classic_carousel_container_holder ue-item elementor-repeater-item-80363a4\">\n  <div class=\"ue-carousel-item\">\n      <div class=\"uc_classic_carousel_placeholder\">\n          <img loading=\"lazy\" decoding=\"async\" src=\"https:\/\/homu.com.ar\/new\/wp-content\/uploads\/2023\/09\/yMwwlY1W2s.jpg\"  src=\"https:\/\/homu.com.ar\/new\/wp-content\/uploads\/2023\/09\/yMwwlY1W2s.jpg\" alt=\"yMwwlY1W2s\" width=\"270\" height=\"150\">\n      <\/div>\n    <div class=\"uc_classic_carousel_content\" style=\"direction:ltr;\">\n    \n    \n        \n          \t\n      <div  class=\"card_carousel_title\">Control de tracci\u00f3n (TRC) y Control de tracci\u00f3n activo (A-TRC)<\/div>\n          \t\n    \n      \n    <p class=\"card_carousel_text\">Im\u00e1genes y equipamiento correspondiente a versiones SR 4X4 y DX 4X4<\/p>    \n    \n    \t\n    \n    \n    \t\n  <\/div>\n  <\/div>\n<\/div>\n\n      <\/div>\n<\/div>\n<!-- end Card Carousel -->\t\t\t\t<\/div>\n\t\t\t\t<\/div>\n\t\t\t\t<\/div>\n\t\t\t\t<\/div>\n\t\t\t\t<\/div>\n\t\t","protected":false},"excerpt":{"rendered":"<p>Hilux 4&#215;4 D\/C DX Plan 100% \u00bfQu\u00e9 es un plan 100%? Te permite ahorrar por el 100% del valor del veh\u00edculo, en 96 cuotas. Si necesit\u00e1s m\u00e1s informaci\u00f3n para acceder a tu Plan CONTACTANOS Suscribite Online PLAN HILUX 100% Audio con pantalla t\u00e1ctil LCD de 7&#8243; con conectividad Apple CarPlay\u00ae y Android Auto\u00ae. Disponible solo [&hellip;]<\/p>\n","protected":false},"author":1,"featured_media":0,"parent":0,"menu_order":0,"comment_status":"closed","ping_status":"closed","template":"","meta":{"_acf_changed":false,"footnotes":""},"class_list":["post-18767","page","type-page","status-publish","hentry"],"acf":[],"jetpack_sharing_enabled":true,"_links":{"self":[{"href":"https:\/\/homu.com.ar\/new\/wp-json\/wp\/v2\/pages\/18767","targetHints":{"allow":["GET"]}}],"collection":[{"href":"https:\/\/homu.com.ar\/new\/wp-json\/wp\/v2\/pages"}],"about":[{"href":"https:\/\/homu.com.ar\/new\/wp-json\/wp\/v2\/types\/page"}],"author":[{"embeddable":true,"href":"https:\/\/homu.com.ar\/new\/wp-json\/wp\/v2\/users\/1"}],"replies":[{"embeddable":true,"href":"https:\/\/homu.com.ar\/new\/wp-json\/wp\/v2\/comments?post=18767"}],"version-history":[{"count":50,"href":"https:\/\/homu.com.ar\/new\/wp-json\/wp\/v2\/pages\/18767\/revisions"}],"predecessor-version":[{"id":21825,"href":"https:\/\/homu.com.ar\/new\/wp-json\/wp\/v2\/pages\/18767\/revisions\/21825"}],"wp:attachment":[{"href":"https:\/\/homu.com.ar\/new\/wp-json\/wp\/v2\/media?parent=18767"}],"curies":[{"name":"wp","href":"https:\/\/api.w.org\/{rel}","templated":true}]}}